{"id":46,"date":"2022-11-25T19:33:29","date_gmt":"2022-11-25T23:33:29","guid":{"rendered":"https:\/\/ctmicheloliveira.com.br\/site2\/?page_id=46"},"modified":"2022-11-25T22:49:43","modified_gmt":"2022-11-26T02:49:43","slug":"anamnese","status":"publish","type":"page","link":"https:\/\/ctmicheloliveira.com.br\/site2\/index.php\/anamnese\/","title":{"rendered":"Anamnese"},"content":{"rendered":"\n<div class=\"wp-block-contact-form-7-contact-form-selector\">\n<div class=\"wpcf7 no-js\" id=\"wpcf7-f53-o1\" lang=\"pt-BR\" dir=\"ltr\">\n<div class=\"screen-reader-response\"><p role=\"status\" aria-live=\"polite\" aria-atomic=\"true\"><\/p> <ul><\/ul><\/div>\n<form action=\"\/site2\/index.php\/wp-json\/wp\/v2\/pages\/46#wpcf7-f53-o1\" method=\"post\" class=\"wpcf7-form init\" aria-label=\"Formul\u00e1rios de contato\" novalidate=\"novalidate\" data-status=\"init\">\n<div style=\"display: none;\">\n<input type=\"hidden\" name=\"_wpcf7\" value=\"53\" \/>\n<input type=\"hidden\" name=\"_wpcf7_version\" value=\"5.9.4\" \/>\n<input type=\"hidden\" name=\"_wpcf7_locale\" value=\"pt_BR\" \/>\n<input type=\"hidden\" name=\"_wpcf7_unit_tag\" value=\"wpcf7-f53-o1\" \/>\n<input type=\"hidden\" name=\"_wpcf7_container_post\" value=\"0\" \/>\n<input type=\"hidden\" name=\"_wpcf7_posted_data_hash\" value=\"\" \/>\n<\/div>\n<p><label> Seu nome<br \/>\n<span class=\"wpcf7-form-control-wrap\" data-name=\"your-name\"><input size=\"40\" class=\"wpcf7-form-control wpcf7-text wpcf7-validates-as-required\" aria-required=\"true\" aria-invalid=\"false\" value=\"\" type=\"text\" name=\"your-name\" \/><\/span> <\/label>\n<\/p>\n<p><label> Seu e-mail<br \/>\n<span class=\"wpcf7-form-control-wrap\" data-name=\"your-email\"><input size=\"40\" class=\"wpcf7-form-control wpcf7-email wpcf7-validates-as-required wpcf7-text wpcf7-validates-as-email\" aria-required=\"true\" aria-invalid=\"false\" value=\"\" type=\"email\" name=\"your-email\" \/><\/span> <\/label>\n<\/p>\n<p><label> Data de Nascimento<br \/>\n<span class=\"wpcf7-form-control-wrap\" data-name=\"date-900\"><input class=\"wpcf7-form-control wpcf7-date wpcf7-validates-as-required wpcf7-validates-as-date\" aria-required=\"true\" aria-invalid=\"false\" value=\"\" type=\"date\" name=\"date-900\" \/><\/span> <\/label>\n<\/p>\n<p><label> Sexo(Obrigat\u00f3rio)<br \/>\n<span class=\"wpcf7-form-control-wrap\" data-name=\"radio-255\"><span class=\"wpcf7-form-control wpcf7-radio\"><span class=\"wpcf7-list-item first\"><label><input type=\"radio\" name=\"radio-255\" value=\"Masculino\" checked=\"checked\" \/><span class=\"wpcf7-list-item-label\">Masculino<\/span><\/label><\/span><span class=\"wpcf7-list-item last\"><label><input type=\"radio\" name=\"radio-255\" value=\"Feminino\" \/><span class=\"wpcf7-list-item-label\">Feminino<\/span><\/label><\/span><\/span><\/span> <\/label>\n<\/p>\n<p><label> CPF(Obrigat\u00f3rio)<br \/>\n<span class=\"wpcf7-form-control-wrap\" data-name=\"number-804\"><input class=\"wpcf7-form-control wpcf7-number wpcf7-validates-as-number\" aria-invalid=\"false\" value=\"\" type=\"number\" name=\"number-804\" \/><\/span> <\/label>\n<\/p>\n<p><label> Endere\u00e7o (Obrigat\u00f3rio)<br \/>\n<span class=\"wpcf7-form-control-wrap\" data-name=\"text-383\"><input size=\"40\" class=\"wpcf7-form-control wpcf7-text wpcf7-validates-as-required\" aria-required=\"true\" aria-invalid=\"false\" value=\"\" type=\"text\" name=\"text-383\" \/><\/span> <\/label>\n<\/p>\n<p><label> Telefone Celular<br \/>\n<span class=\"wpcf7-form-control-wrap\" data-name=\"tel-148\"><input size=\"40\" class=\"wpcf7-form-control wpcf7-tel wpcf7-text wpcf7-validates-as-tel\" aria-invalid=\"false\" value=\"\" type=\"tel\" name=\"tel-148\" \/><\/span> <\/label>\n<\/p>\n<p><label> Contato de Emerg\u00eancia<br \/>\n<span class=\"wpcf7-form-control-wrap\" data-name=\"tel-149\"><input size=\"40\" class=\"wpcf7-form-control wpcf7-tel wpcf7-text wpcf7-validates-as-tel\" aria-invalid=\"false\" value=\"\" type=\"tel\" name=\"tel-149\" \/><\/span> <\/label>\n<\/p>\n<p><label> Fumante? (obrigat\u00f3rio)<br \/>\n<span class=\"wpcf7-form-control-wrap\" data-name=\"menu-925\"><select class=\"wpcf7-form-control wpcf7-select\" aria-invalid=\"false\" name=\"menu-925\"><option value=\"Sim\">Sim<\/option><option value=\"N\u00e3o\">N\u00e3o<\/option><\/select><\/span> <\/label>\n<\/p>\n<p><label> Quantos Cigarros por dia ?<br \/>\n<span class=\"wpcf7-form-control-wrap\" data-name=\"menu-770\"><select class=\"wpcf7-form-control wpcf7-select\" aria-invalid=\"false\" name=\"menu-770\"><option value=\"0\">0<\/option><option value=\"1\">1<\/option><option value=\"2\">2<\/option><option value=\"3\">3<\/option><option value=\"4\">4<\/option><option value=\"5\">5<\/option><option value=\"6\">6<\/option><option value=\"7\">7<\/option><option value=\"8\">8<\/option><option value=\"9\">9<\/option><option value=\"10\">10<\/option><\/select><\/span> <\/label>\n<\/p>\n<p><label> Parou a quanto tempo?<br \/>\n<span class=\"wpcf7-form-control-wrap\" data-name=\"text-898\"><input size=\"40\" class=\"wpcf7-form-control wpcf7-text\" aria-invalid=\"false\" value=\"\" type=\"text\" name=\"text-898\" \/><\/span> <\/label>\n<\/p>\n<p><label> Consome bebida alco\u00f3licas?<br \/>\n<span class=\"wpcf7-form-control-wrap\" data-name=\"menu-771\"><select class=\"wpcf7-form-control wpcf7-select\" aria-invalid=\"false\" name=\"menu-771\"><option value=\"Sim\">Sim<\/option><option value=\"N\u00e3o\">N\u00e3o<\/option><\/select><\/span> <\/label>\n<\/p>\n<p><label> Quantas vezes por semana?<br \/>\n<span class=\"wpcf7-form-control-wrap\" data-name=\"text-899\"><input size=\"40\" class=\"wpcf7-form-control wpcf7-text\" aria-invalid=\"false\" value=\"\" type=\"text\" name=\"text-899\" \/><\/span> <\/label>\n<\/p>\n<p><label> Possui Colesterol, Triglic\u00e9rides ou Glicose alta? (obrigat\u00f3rio)<br \/>\n<span class=\"wpcf7-form-control-wrap\" data-name=\"menu-772\"><select class=\"wpcf7-form-control wpcf7-select\" aria-invalid=\"false\" name=\"menu-772\"><option value=\"Sim\">Sim<\/option><option value=\"N\u00e3o\">N\u00e3o<\/option><\/select><\/span> <\/label>\n<\/p>\n<p><label> Altera\u00e7\u00e3o Card\u00edaca?<br \/>\n<span class=\"wpcf7-form-control-wrap\" data-name=\"menu-773\"><select class=\"wpcf7-form-control wpcf7-select\" aria-invalid=\"false\" name=\"menu-773\"><option value=\"Sim\">Sim<\/option><option value=\"N\u00e3o\">N\u00e3o<\/option><\/select><\/span> <\/label>\n<\/p>\n<p><label> Parente com Problemas card\u00edaco?<br \/>\n<span class=\"wpcf7-form-control-wrap\" data-name=\"menu-774\"><select class=\"wpcf7-form-control wpcf7-select\" aria-invalid=\"false\" name=\"menu-774\"><option value=\"Sim\">Sim<\/option><option value=\"N\u00e3o\">N\u00e3o<\/option><\/select><\/span> <\/label>\n<\/p>\n<p><label> Hipertenso?<br \/>\n<span class=\"wpcf7-form-control-wrap\" data-name=\"menu-775\"><select class=\"wpcf7-form-control wpcf7-select\" aria-invalid=\"false\" name=\"menu-775\"><option value=\"Sim\">Sim<\/option><option value=\"N\u00e3o\">N\u00e3o<\/option><\/select><\/span> <\/label>\n<\/p>\n<p><label> Diab\u00e9tico?<br \/>\n<span class=\"wpcf7-form-control-wrap\" data-name=\"menu-776\"><select class=\"wpcf7-form-control wpcf7-select\" aria-invalid=\"false\" name=\"menu-776\"><option value=\"Sim\">Sim<\/option><option value=\"N\u00e3o\">N\u00e3o<\/option><\/select><\/span> <\/label>\n<\/p>\n<p><label> Toma Medicamento?<br \/>\n<span class=\"wpcf7-form-control-wrap\" data-name=\"menu-777\"><select class=\"wpcf7-form-control wpcf7-select\" aria-invalid=\"false\" name=\"menu-777\"><option value=\"Sim\">Sim<\/option><option value=\"N\u00e3o\">N\u00e3o<\/option><\/select><\/span> <\/label>\n<\/p>\n<p><label> Qual medicamento?<br \/>\n<span class=\"wpcf7-form-control-wrap\" data-name=\"text-900\"><input size=\"40\" class=\"wpcf7-form-control wpcf7-text\" aria-invalid=\"false\" value=\"\" type=\"text\" name=\"text-900\" \/><\/span> <\/label>\n<\/p>\n<p><label> Fez alguma cirurgia nos \u00faltimos 12 meses?<br \/>\n<span class=\"wpcf7-form-control-wrap\" data-name=\"menu-778\"><select class=\"wpcf7-form-control wpcf7-select\" aria-invalid=\"false\" name=\"menu-778\"><option value=\"Sim\">Sim<\/option><option value=\"N\u00e3o\">N\u00e3o<\/option><\/select><\/span><br \/>\n<label> Qual?<br \/>\n<span class=\"wpcf7-form-control-wrap\" data-name=\"text-901\"><input size=\"40\" class=\"wpcf7-form-control wpcf7-text\" aria-invalid=\"false\" value=\"\" type=\"text\" name=\"text-901\" \/><\/span> <\/label><br \/>\n<label> Apresenta dores na coluna, articula\u00e7\u00f5es ou dores musculares?<br \/>\n<span class=\"wpcf7-form-control-wrap\" data-name=\"menu-779\"><select class=\"wpcf7-form-control wpcf7-select\" aria-invalid=\"false\" name=\"menu-779\"><option value=\"Sim\">Sim<\/option><option value=\"N\u00e3o\">N\u00e3o<\/option><\/select><\/span> <\/label><br \/>\n<label> Reconhe\u00e7o para o melhor da minha capacidade, que estou em bom estado de sa\u00fade e n\u00e3o tenho os problemas m\u00e9dicos conhecidos que restringiriam minha capacidade de participar deste programa de exerc\u00edcio.(Marca\u00e7\u00e3o Obrigat\u00f3ria)<br \/>\n<span class=\"wpcf7-form-control-wrap\" data-name=\"acceptance-941\"><span class=\"wpcf7-form-control wpcf7-acceptance\"><span class=\"wpcf7-list-item\"><input type=\"checkbox\" name=\"acceptance-941\" value=\"1\" aria-invalid=\"false\" \/><\/span><\/span><\/span><br \/>\n<input class=\"wpcf7-form-control wpcf7-submit has-spinner\" type=\"submit\" value=\"Enviar\" \/><\/label><\/label>\n<\/p><p style=\"display: none !important;\" class=\"akismet-fields-container\" data-prefix=\"_wpcf7_ak_\"><label>&#916;<textarea name=\"_wpcf7_ak_hp_textarea\" cols=\"45\" rows=\"8\" maxlength=\"100\"><\/textarea><\/label><input type=\"hidden\" id=\"ak_js_1\" name=\"_wpcf7_ak_js\" value=\"250\"\/><script>document.getElementById( \"ak_js_1\" ).setAttribute( \"value\", ( new Date() ).getTime() );<\/script><\/p><div class=\"wpcf7-response-output\" aria-hidden=\"true\"><\/div>\n<\/form>\n<\/div>\n<\/div>\n","protected":false},"excerpt":{"rendered":"","protected":false},"author":1,"featured_media":0,"parent":0,"menu_order":0,"comment_status":"closed","ping_status":"closed","template":"","meta":{"om_disable_all_campaigns":false,"_monsterinsights_skip_tracking":false,"_monsterinsights_sitenote_active":false,"_monsterinsights_sitenote_note":"","_monsterinsights_sitenote_category":0,"footnotes":""},"aioseo_notices":[],"jetpack_sharing_enabled":true,"_links":{"self":[{"href":"https:\/\/ctmicheloliveira.com.br\/site2\/index.php\/wp-json\/wp\/v2\/pages\/46"}],"collection":[{"href":"https:\/\/ctmicheloliveira.com.br\/site2\/index.php\/wp-json\/wp\/v2\/pages"}],"about":[{"href":"https:\/\/ctmicheloliveira.com.br\/site2\/index.php\/wp-json\/wp\/v2\/types\/page"}],"author":[{"embeddable":true,"href":"https:\/\/ctmicheloliveira.com.br\/site2\/index.php\/wp-json\/wp\/v2\/users\/1"}],"replies":[{"embeddable":true,"href":"https:\/\/ctmicheloliveira.com.br\/site2\/index.php\/wp-json\/wp\/v2\/comments?post=46"}],"version-history":[{"count":2,"href":"https:\/\/ctmicheloliveira.com.br\/site2\/index.php\/wp-json\/wp\/v2\/pages\/46\/revisions"}],"predecessor-version":[{"id":59,"href":"https:\/\/ctmicheloliveira.com.br\/site2\/index.php\/wp-json\/wp\/v2\/pages\/46\/revisions\/59"}],"wp:attachment":[{"href":"https:\/\/ctmicheloliveira.com.br\/site2\/index.php\/wp-json\/wp\/v2\/media?parent=46"}],"curies":[{"name":"wp","href":"https:\/\/api.w.org\/{rel}","templated":true}]}}