{"id":78,"date":"2017-03-31T19:48:32","date_gmt":"2017-03-31T19:48:32","guid":{"rendered":"http:\/\/ctmicheloliveira.com.br\/site\/?page_id=78"},"modified":"2017-03-31T20:00:15","modified_gmt":"2017-03-31T20:00:15","slug":"reserva-de-vaga","status":"publish","type":"page","link":"https:\/\/ctmicheloliveira.com.br\/site\/reserva-de-vaga\/","title":{"rendered":"Reserva de Vaga"},"content":{"rendered":"<p>Caso tenha interesse em treinar conosco, preencha o formul\u00e1rio abaixo. Este procedimento n\u00e3o garante sua vaga.<\/p>\n<div role=\"form\" class=\"wpcf7\" id=\"wpcf7-f77-o1\" lang=\"pt-PT\" dir=\"ltr\">\n<div class=\"screen-reader-response\"><p role=\"status\" aria-live=\"polite\" aria-atomic=\"true\"><\/p> <ul><\/ul><\/div>\n<form action=\"\/site\/wp-json\/wp\/v2\/pages\/78#wpcf7-f77-o1\" method=\"post\" class=\"wpcf7-form init\" novalidate=\"novalidate\" data-status=\"init\">\n<div style=\"display: none;\">\n<input type=\"hidden\" name=\"_wpcf7\" value=\"77\" \/>\n<input type=\"hidden\" name=\"_wpcf7_version\" value=\"5.6.4\" \/>\n<input type=\"hidden\" name=\"_wpcf7_locale\" value=\"pt_PT\" \/>\n<input type=\"hidden\" name=\"_wpcf7_unit_tag\" value=\"wpcf7-f77-o1\" \/>\n<input type=\"hidden\" name=\"_wpcf7_container_post\" value=\"0\" \/>\n<input type=\"hidden\" name=\"_wpcf7_posted_data_hash\" value=\"\" \/>\n<input type=\"hidden\" name=\"_wpcf7_recaptcha_response\" value=\"\" \/>\n<\/div>\n<p><label> O seu nome (obrigat\u00f3rio)<br \/>\n    <span class=\"wpcf7-form-control-wrap\" data-name=\"your-name\"><input type=\"text\" name=\"your-name\" value=\"\" size=\"40\" class=\"wpcf7-form-control wpcf7-text wpcf7-validates-as-required\" aria-required=\"true\" aria-invalid=\"false\" \/><\/span> <\/label><\/p>\n<p><label> O seu email (obrigat\u00f3rio)<br \/>\n    <span class=\"wpcf7-form-control-wrap\" data-name=\"your-email\"><input type=\"email\" name=\"your-email\" value=\"\" size=\"40\" class=\"wpcf7-form-control wpcf7-text wpcf7-email wpcf7-validates-as-required wpcf7-validates-as-email\" aria-required=\"true\" aria-invalid=\"false\" \/><\/span> <\/label><\/p>\n<p><label> Telefone de Contato (obrigat\u00f3rio)<br \/>\n    <span class=\"wpcf7-form-control-wrap\" data-name=\"tel-964\"><input type=\"tel\" name=\"tel-964\" value=\"\" size=\"40\" class=\"wpcf7-form-control wpcf7-text wpcf7-tel wpcf7-validates-as-required wpcf7-validates-as-tel\" aria-required=\"true\" aria-invalid=\"false\" \/><\/span> <\/label><\/p>\n<p><label> Turma (obrigat\u00f3rio)<br \/>\n<span class=\"wpcf7-form-control-wrap\" data-name=\"radio-884\"><span class=\"wpcf7-form-control wpcf7-radio\"><span class=\"wpcf7-list-item first last\"><span class=\"wpcf7-list-item-label\">Caveira&#039;s RUN<\/span><input type=\"radio\" name=\"radio-884\" value=\"Caveira&#039;s RUN\" checked=\"checked\" \/><\/span><\/span><\/span> <\/label><\/p>\n<p><label> A sua mensagem<br \/>\n    <span class=\"wpcf7-form-control-wrap\" data-name=\"your-message\"><textarea name=\"your-message\" cols=\"40\" rows=\"10\" class=\"wpcf7-form-control wpcf7-textarea\" aria-invalid=\"false\"><\/textarea><\/span> <\/label><\/p>\n<p><input type=\"submit\" value=\"Enviar\" class=\"wpcf7-form-control has-spinner wpcf7-submit\" \/><\/p>\n<p style=\"display: none !important;\"><label>&#916;<textarea name=\"_wpcf7_ak_hp_textarea\" cols=\"45\" rows=\"8\" maxlength=\"100\"><\/textarea><\/label><input type=\"hidden\" id=\"ak_js_1\" name=\"_wpcf7_ak_js\" value=\"3\"\/><script>document.getElementById( \"ak_js_1\" ).setAttribute( \"value\", ( new Date() ).getTime() );<\/script><\/p><div class=\"wpcf7-response-output\" aria-hidden=\"true\"><\/div><\/form><\/div>\n","protected":false},"excerpt":{"rendered":"<p>Caso tenha interesse em treinar conosco, preencha o formul\u00e1rio abaixo. Este procedimento n\u00e3o garante sua vaga.<\/p>\n","protected":false},"author":1,"featured_media":0,"parent":0,"menu_order":0,"comment_status":"closed","ping_status":"closed","template":"","meta":{"jetpack_post_was_ever_published":false},"yoast_head":"<!-- This site is optimized with the Yoast SEO plugin v19.11 - https:\/\/yoast.com\/wordpress\/plugins\/seo\/ -->\n<title>Reserva de Vaga -<\/title>\n<meta name=\"robots\" content=\"index, follow, max-snippet:-1, max-image-preview:large, max-video-preview:-1\" \/>\n<link rel=\"canonical\" href=\"https:\/\/ctmicheloliveira.com.br\/site\/reserva-de-vaga\/\" \/>\n<meta property=\"og:locale\" content=\"pt_PT\" \/>\n<meta property=\"og:type\" content=\"article\" \/>\n<meta property=\"og:title\" content=\"Reserva de Vaga -\" \/>\n<meta property=\"og:description\" content=\"Caso tenha interesse em treinar conosco, preencha o formul\u00e1rio abaixo. Este procedimento n\u00e3o garante sua vaga.\" \/>\n<meta property=\"og:url\" content=\"https:\/\/ctmicheloliveira.com.br\/site\/reserva-de-vaga\/\" \/>\n<meta property=\"article:publisher\" content=\"https:\/\/www.facebook.com\/ctmicheloliveira\/\" \/>\n<meta property=\"article:modified_time\" content=\"2017-03-31T20:00:15+00:00\" \/>\n<meta name=\"twitter:card\" content=\"summary_large_image\" \/>\n<script type=\"application\/ld+json\" class=\"yoast-schema-graph\">{\"@context\":\"https:\/\/schema.org\",\"@graph\":[{\"@type\":\"WebPage\",\"@id\":\"https:\/\/ctmicheloliveira.com.br\/site\/reserva-de-vaga\/\",\"url\":\"https:\/\/ctmicheloliveira.com.br\/site\/reserva-de-vaga\/\",\"name\":\"Reserva de Vaga -\",\"isPartOf\":{\"@id\":\"https:\/\/ctmicheloliveira.com.br\/site\/#website\"},\"datePublished\":\"2017-03-31T19:48:32+00:00\",\"dateModified\":\"2017-03-31T20:00:15+00:00\",\"breadcrumb\":{\"@id\":\"https:\/\/ctmicheloliveira.com.br\/site\/reserva-de-vaga\/#breadcrumb\"},\"inLanguage\":\"pt-PT\",\"potentialAction\":[{\"@type\":\"ReadAction\",\"target\":[\"https:\/\/ctmicheloliveira.com.br\/site\/reserva-de-vaga\/\"]}]},{\"@type\":\"BreadcrumbList\",\"@id\":\"https:\/\/ctmicheloliveira.com.br\/site\/reserva-de-vaga\/#breadcrumb\",\"itemListElement\":[{\"@type\":\"ListItem\",\"position\":1,\"name\":\"In\u00edcio\",\"item\":\"https:\/\/ctmicheloliveira.com.br\/site\/\"},{\"@type\":\"ListItem\",\"position\":2,\"name\":\"Reserva de Vaga\"}]},{\"@type\":\"WebSite\",\"@id\":\"https:\/\/ctmicheloliveira.com.br\/site\/#website\",\"url\":\"https:\/\/ctmicheloliveira.com.br\/site\/\",\"name\":\"\",\"description\":\"\",\"publisher\":{\"@id\":\"https:\/\/ctmicheloliveira.com.br\/site\/#organization\"},\"potentialAction\":[{\"@type\":\"SearchAction\",\"target\":{\"@type\":\"EntryPoint\",\"urlTemplate\":\"https:\/\/ctmicheloliveira.com.br\/site\/?s={search_term_string}\"},\"query-input\":\"required name=search_term_string\"}],\"inLanguage\":\"pt-PT\"},{\"@type\":\"Organization\",\"@id\":\"https:\/\/ctmicheloliveira.com.br\/site\/#organization\",\"name\":\"Centro de Treinamento Michel Oliveira\",\"url\":\"https:\/\/ctmicheloliveira.com.br\/site\/\",\"logo\":{\"@type\":\"ImageObject\",\"inLanguage\":\"pt-PT\",\"@id\":\"https:\/\/ctmicheloliveira.com.br\/site\/#\/schema\/logo\/image\/\",\"url\":\"https:\/\/i1.wp.com\/ctmicheloliveira.com.br\/site\/wp-content\/uploads\/2017\/03\/caveira2.png?fit=359%2C392\",\"contentUrl\":\"https:\/\/i1.wp.com\/ctmicheloliveira.com.br\/site\/wp-content\/uploads\/2017\/03\/caveira2.png?fit=359%2C392\",\"width\":359,\"height\":392,\"caption\":\"Centro de Treinamento Michel Oliveira\"},\"image\":{\"@id\":\"https:\/\/ctmicheloliveira.com.br\/site\/#\/schema\/logo\/image\/\"},\"sameAs\":[\"https:\/\/www.instagram.com\/ctmicheloliveira\/\",\"https:\/\/www.youtube.com\/channel\/UCyzraqk4XF7T47ZiEa68iug\",\"https:\/\/www.facebook.com\/ctmicheloliveira\/\"]}]}<\/script>\n<!-- \/ Yoast SEO plugin. -->","yoast_head_json":{"title":"Reserva de Vaga -","robots":{"index":"index","follow":"follow","max-snippet":"max-snippet:-1","max-image-preview":"max-image-preview:large","max-video-preview":"max-video-preview:-1"},"canonical":"https:\/\/ctmicheloliveira.com.br\/site\/reserva-de-vaga\/","og_locale":"pt_PT","og_type":"article","og_title":"Reserva de Vaga -","og_description":"Caso tenha interesse em treinar conosco, preencha o formul\u00e1rio abaixo. Este procedimento n\u00e3o garante sua vaga.","og_url":"https:\/\/ctmicheloliveira.com.br\/site\/reserva-de-vaga\/","article_publisher":"https:\/\/www.facebook.com\/ctmicheloliveira\/","article_modified_time":"2017-03-31T20:00:15+00:00","twitter_card":"summary_large_image","schema":{"@context":"https:\/\/schema.org","@graph":[{"@type":"WebPage","@id":"https:\/\/ctmicheloliveira.com.br\/site\/reserva-de-vaga\/","url":"https:\/\/ctmicheloliveira.com.br\/site\/reserva-de-vaga\/","name":"Reserva de Vaga -","isPartOf":{"@id":"https:\/\/ctmicheloliveira.com.br\/site\/#website"},"datePublished":"2017-03-31T19:48:32+00:00","dateModified":"2017-03-31T20:00:15+00:00","breadcrumb":{"@id":"https:\/\/ctmicheloliveira.com.br\/site\/reserva-de-vaga\/#breadcrumb"},"inLanguage":"pt-PT","potentialAction":[{"@type":"ReadAction","target":["https:\/\/ctmicheloliveira.com.br\/site\/reserva-de-vaga\/"]}]},{"@type":"BreadcrumbList","@id":"https:\/\/ctmicheloliveira.com.br\/site\/reserva-de-vaga\/#breadcrumb","itemListElement":[{"@type":"ListItem","position":1,"name":"In\u00edcio","item":"https:\/\/ctmicheloliveira.com.br\/site\/"},{"@type":"ListItem","position":2,"name":"Reserva de Vaga"}]},{"@type":"WebSite","@id":"https:\/\/ctmicheloliveira.com.br\/site\/#website","url":"https:\/\/ctmicheloliveira.com.br\/site\/","name":"","description":"","publisher":{"@id":"https:\/\/ctmicheloliveira.com.br\/site\/#organization"},"potentialAction":[{"@type":"SearchAction","target":{"@type":"EntryPoint","urlTemplate":"https:\/\/ctmicheloliveira.com.br\/site\/?s={search_term_string}"},"query-input":"required name=search_term_string"}],"inLanguage":"pt-PT"},{"@type":"Organization","@id":"https:\/\/ctmicheloliveira.com.br\/site\/#organization","name":"Centro de Treinamento Michel Oliveira","url":"https:\/\/ctmicheloliveira.com.br\/site\/","logo":{"@type":"ImageObject","inLanguage":"pt-PT","@id":"https:\/\/ctmicheloliveira.com.br\/site\/#\/schema\/logo\/image\/","url":"https:\/\/i1.wp.com\/ctmicheloliveira.com.br\/site\/wp-content\/uploads\/2017\/03\/caveira2.png?fit=359%2C392","contentUrl":"https:\/\/i1.wp.com\/ctmicheloliveira.com.br\/site\/wp-content\/uploads\/2017\/03\/caveira2.png?fit=359%2C392","width":359,"height":392,"caption":"Centro de Treinamento Michel Oliveira"},"image":{"@id":"https:\/\/ctmicheloliveira.com.br\/site\/#\/schema\/logo\/image\/"},"sameAs":["https:\/\/www.instagram.com\/ctmicheloliveira\/","https:\/\/www.youtube.com\/channel\/UCyzraqk4XF7T47ZiEa68iug","https:\/\/www.facebook.com\/ctmicheloliveira\/"]}]}},"jetpack_sharing_enabled":true,"jetpack_shortlink":"https:\/\/wp.me\/P8zFvy-1g","jetpack-related-posts":[{"id":460,"url":"https:\/\/ctmicheloliveira.com.br\/site\/inscricao-palestra\/","url_meta":{"origin":78,"position":0},"title":"Inscri\u00e7\u00e3o Palestra","date":"Fevereiro 14, 2018","format":false,"excerpt":"\u00a0 Preencha o formul\u00e1rio abaixo e garanta j\u00e1 sua vaga pois s\u00e3o LIMITADAS. \u00a0 \u00a0","rel":"","context":"Similar post","img":{"alt_text":"","src":"","width":0,"height":0},"classes":[]}],"_links":{"self":[{"href":"https:\/\/ctmicheloliveira.com.br\/site\/wp-json\/wp\/v2\/pages\/78"}],"collection":[{"href":"https:\/\/ctmicheloliveira.com.br\/site\/wp-json\/wp\/v2\/pages"}],"about":[{"href":"https:\/\/ctmicheloliveira.com.br\/site\/wp-json\/wp\/v2\/types\/page"}],"author":[{"embeddable":true,"href":"https:\/\/ctmicheloliveira.com.br\/site\/wp-json\/wp\/v2\/users\/1"}],"replies":[{"embeddable":true,"href":"https:\/\/ctmicheloliveira.com.br\/site\/wp-json\/wp\/v2\/comments?post=78"}],"version-history":[{"count":4,"href":"https:\/\/ctmicheloliveira.com.br\/site\/wp-json\/wp\/v2\/pages\/78\/revisions"}],"predecessor-version":[{"id":87,"href":"https:\/\/ctmicheloliveira.com.br\/site\/wp-json\/wp\/v2\/pages\/78\/revisions\/87"}],"wp:attachment":[{"href":"https:\/\/ctmicheloliveira.com.br\/site\/wp-json\/wp\/v2\/media?parent=78"}],"curies":[{"name":"wp","href":"https:\/\/api.w.org\/{rel}","templated":true}]}}