{"id":46,"date":"2017-03-31T17:26:36","date_gmt":"2017-03-31T17:26:36","guid":{"rendered":"http:\/\/ctmicheloliveira.com.br\/site\/?page_id=46"},"modified":"2017-05-18T05:12:42","modified_gmt":"2017-05-18T05:12:42","slug":"videos","status":"publish","type":"page","link":"https:\/\/ctmicheloliveira.com.br\/site\/videos\/","title":{"rendered":"V\u00eddeos"},"content":{"rendered":"\r\n\t<style>\r\n\r\n\t\t#your-page-column {\r\n\t\t\twidth: 100%;\r\n\t\t\tmargin: 0px auto;\r\n\t\t}\r\n\r\n\r\n\/*@media all and (max-width: 1400px) , screen and (max-device-width: 1400px) {\r\n\r\n#your-page-column {\r\nwidth: 65%;\r\n}\r\n\r\n}*\/\r\n.yl-channel-search input.yl-channel-search-input {\r\n\tpadding-bottom: 0;\r\n\tmargin-bottom: 0;\r\n}\r\n.yl-channel-search i.fa.fa-search {\r\n\tposition: absolute;\r\n\ttop: 11px;\r\n\tright: 10px;\r\n}\r\n.yl-channel-search {\r\n\tdisplay: inline-block;\r\n\tfloat: right;\r\n\tmargin-top: 1.5em;\r\n\tbackground-color: #fff;\r\n\tcolor: #000;\r\n\tpadding: .3em .5em;\r\n\tposition: relative;\r\n\tpadding: 0;\r\n}\r\n.yl-list-title select#yl-sort-order {\r\n\twidth: 200px;\r\n\theight: 32px;\r\n\tline-height: 1;\r\n}\r\n\r\n@media all and (max-width: 1100px) , screen and (max-device-width: 1100px) {\r\n\r\n\t#your-page-column {\r\n\t\twidth: 70%;\r\n\t}\r\n\r\n}\r\n\r\n@media all and (max-width: 900px) , screen and (max-device-width: 900px) {\r\n\r\n\t#your-page-column {\r\n\t\twidth: 90%;\r\n\t}\r\n\r\n}\r\n\r\n@media all and (max-width: 800px) , screen and (max-device-width: 800px) {\r\n\r\n\t#your-page-column {\r\n\t\twidth: 100%;\r\n\t}\r\n\r\n}\r\n\r\n<\/style>\r\n\r\n\r\n<div id=\"your-page-column\" class=\"not-a-part-of-youmax-plugin\">\r\n\t<div id=\"ymax\" class=\"youmax-pro\"><\/div>\r\n<\/div>\r\n\r\n\r\n<script>\r\n\r\n\tvar utbap_youtube_channel_link = 'https:\/\/www.youtube.com\/channel\/UCyzraqk4XF7T47ZiEa68iug';\r\n\tvar utbap_videos_to_show = '9';\r\n\tvar utbap_auto_play = '';\r\n\tvar utbap_sorting_order = 'recent-first';\r\n\tvar utbap_loading_mechanism = 'load-more';\r\n\tvar utbap_default_tab = 'Uploads';\r\n\tvar utbap_channel_style = 'list';\r\n\tvar utbap_video_display_mode = 'link';\r\n\tvar utbap_video_thumbnail_view = 'simple';\r\n\tvar utbap_hide_header = '';\r\n\tvar utbap_load_more = '';\r\n\tvar utbap_hide_tabs = '';\r\n\tvar utbap_hide_search = '';\r\n\tvar utbap_hide_sorting = '';\r\n\tvar utbap_hide_switcher = '';\r\n\tvar utbap_hide_popup_details = '';\r\n\tvar utbap_cta_button = '';\r\n\tvar utbap_date_format = 'specific';\r\n\r\n\tvar cta_button = '';\r\n\tif(utbap_cta_button == 1){\r\n\t\tcta_button = false;\r\n\t}else{\r\n\t\tcta_button = true;\r\n\t}\r\n\r\n\tvar utbap_cta_button_text = '';\r\n\tvar utbap_cta_url = '';\r\n\tvar utbap_date_format = 'specific';\r\n\tvar utbap_hide_duration = '';\r\n\tvar utbap_video_icon = '';\r\n\tvar utbap_video_icon_style = '1';\r\n\tvar utbap_header_templates = 'default';\r\n\r\n\tvar utbap_template1_bg = '';\r\n\tvar utbap_template2_bg = '';\r\n\tvar utbap_background_color = '#ECEFF1';\r\n\tvar utbap_thumbnail_background_color = '';\r\n\tvar utbap_header_background_color = 'rgb(163, 79, 16)';\r\n\tvar utbap_header_text_color = 'black';\r\n\tvar utbap_thumbnail_title_color = '';\r\n\tvar utbap_thumbnail_description_color = '';\r\n\tvar utbap_view_date_color = '';\r\n\tvar utbap_tabs_color = '';\r\n\tvar utbap_loading_button_color = '';\r\n\tvar utbap_base_font_size = '';\r\n\tvar utbap_title_font_family = 'Roboto Condensed';\r\n\tvar utbap_title_boldness = '';\r\n\tvar utbap_general_font_family = '';\r\n\r\n\r\n\r\n\r\n\tjQuery(document).ready(function(){\r\n\r\n\t\tjQuery(\".youmax-pro\").youmaxPro({\r\n\t\t\tapiKey:\"AIzaSyCWcEqdAVwz6T-HZRT0Bc3cxULjcm09Vjw\",\r\n\t\t\tchannelLinkForHeader:utbap_youtube_channel_link,\r\n\t\t\ttabs:[\r\n\t\t\t{\r\n\t\t\t\tname:\"Uploads\",\r\n\t\t\t\ttype:\"youtube-channel-uploads\",\r\n\t\t\t\tlink:utbap_youtube_channel_link,\r\n\t\t\t},\r\n\t\t\t{\r\n\t\t\t\tname:\"Playlists\",\r\n\t\t\t\ttype:\"youtube-channel-playlists\",\r\n\t\t\t\tlink:utbap_youtube_channel_link\r\n\t\t\t},\r\n\r\n\t\t\t],\r\n\t\t\tdefaultTab:utbap_default_tab,      \r\n\t\t\tvideoDisplayMode:utbap_video_display_mode,  \r\n\r\n\r\n\r\n\t\t\tmaxResults:utbap_videos_to_show,\r\n\t\t\tautoPlay:utbap_auto_play,\r\n\t\t\tminimumViewsPerDayForTrendingVideos:\"100\",  \r\n\r\n\t\t\tdisplayFirstVideoOnLoad:true,       \r\n\t\t\tdefaultSortOrder:utbap_sorting_order,   \r\n\t\t\tyoumaxDisplayMode:utbap_channel_style,          \r\n\t\t\tgridThumbnailType:utbap_video_thumbnail_view,       \r\n\t\t\tdateFormat:utbap_date_format,            \r\n\r\n\t\t\tyoumaxBackgroundColor     :utbap_background_color,\r\n\t\t\titemBackgroundColor       :utbap_thumbnail_background_color,\r\n\t\t\theaderBackgroundColor     :utbap_header_background_color,\r\n\t\t\theaderTextColor           :utbap_header_text_color,\r\n\t\t\ttabsColor                 :utbap_tabs_color,\r\n\t\t\ttitleColor                :utbap_thumbnail_title_color,\r\n\t\t\tdescriptionColor          :utbap_thumbnail_description_color,\r\n\t\t\tviewsColor                :utbap_view_date_color,\r\n\t\t\tcontrolsTextColor         :utbap_loading_button_color,\r\n\r\n\t\t\tofferBackgroundColor      :\"#fbfbfb\",\r\n\t\t\tofferTextColor            :\"#686868\",\r\n\t\t\tofferHighlightColor       :\"#FFC107\",\r\n\r\n\t\t\ttitleFontFamily           :utbap_title_font_family,          \r\n\t\t\tgeneralFontFamily         :utbap_general_font_family,        \r\n\t\t\ttitleFontSize             :\"0.9\",\r\n\t\t\ttitleFontWeight           :utbap_title_boldness,             \r\n\t\t\tdescriptionFontSize       :\"0.85\",\r\n\t\t\tviewsDateFontSize         :\"0.75\",\r\n\t\t\tbaseFontSize              :\"16px\",               \r\n\t\t\tofferTitleFontSize          :\"1.3\",\r\n\t\t\tofferDescriptionFontSize    :\"0.85\",\r\n\t\t\tofferButtonFontSize         :\"1\",\r\n\r\n\t\t\tresponsiveBreakpoints   :[600,900,1050,1600],\r\n\r\n\t\t\tloadingMechanism        :utbap_loading_mechanism,       \r\n\t\t\tloadMoreText            :\"<i class=\\\"fa fa-plus\\\"><\/i>&nbsp;&nbsp;Load more..\",\r\n\t\t\tctaText                 :\"<i class=\\\"fa fa-arrow-circle-right\\\"><\/i>&nbsp;&nbsp;\"+utbap_cta_button_text,\r\n\t\t\tctaLink                 :utbap_cta_url,\r\n\t\t\tpreviousButtonText      :\"<i class=\\\"fa fa-angle-left\\\"><\/i>&nbsp;&nbsp;Previous\",\r\n\t\t\tnextButtonText          :\"Next&nbsp;&nbsp;<i class=\\\"fa fa-angle-right\\\"><\/i>\",\r\n\t\t\tloadingText             :\"loading...\",\r\n\t\t\tallDoneText             :\"<i class=\\\"fa fa-times\\\"><\/i>&nbsp;&nbsp;All done..\",\r\n\r\n\t\r\n\r\n\t\t\thideHeader              :utbap_hide_header,\r\n\t\t\thideSearch              :utbap_hide_search,\r\n\t\t\thideTabs                :utbap_hide_tabs,\r\n\t\t\thideSorting             :utbap_hide_sorting,\r\n\t\t\thideViewSwitcher        :true,\r\n\t\t\thideLoadingMechanism    :utbap_load_more,\r\n\t\t\thideCtaButton           :cta_button,\r\n\t\t\thidePopupDetails        :true,\r\n\t\t\thideDuration            :true,\r\n\t\t\thideThumbnailShadow     :true,\r\n\r\n\r\n\t\t\tshowFixedPlayIcon       :utbap_video_icon,\r\n\t\t\ticonShape               :utbap_video_icon_style,       \r\n\t\t\tshowHoverAnimation      :false,\r\n\r\n\t\t\tplaylistNavigation      :true,\r\n\r\n\r\n\t});\t\r\n});\r\n\r\n\r\n\r\n<\/script>\r\n<style type=\"text\/css\">\r\n.yl-channel-search i.fa.fa-search {\r\n    top: 5px;\r\n    right: 10px;\r\n}\r\n.yl-channel-search {\r\n    display: inline-block;\r\n    float: right;\r\n    margin-top: 1.5em;\r\n    background-color: #fff;\r\n    color: #000;\r\n    \/* padding: .3em .5em; *\/\r\n    position: relative;\r\n    \/* padding: 0; *\/\r\n    \/* height: 30px; *\/\r\n}\r\n<\/style>\r\n\r\n\r\n\r\n\n","protected":false},"excerpt":{"rendered":"","protected":false},"author":1,"featured_media":0,"parent":0,"menu_order":0,"comment_status":"closed","ping_status":"closed","template":"","meta":{"jetpack_post_was_ever_published":false},"yoast_head":"<!-- This site is optimized with the Yoast SEO plugin v19.11 - https:\/\/yoast.com\/wordpress\/plugins\/seo\/ -->\n<title>V\u00eddeos -<\/title>\n<meta name=\"robots\" content=\"index, follow, max-snippet:-1, max-image-preview:large, max-video-preview:-1\" \/>\n<link rel=\"canonical\" href=\"https:\/\/ctmicheloliveira.com.br\/site\/videos\/\" \/>\n<meta property=\"og:locale\" content=\"pt_PT\" \/>\n<meta property=\"og:type\" content=\"article\" \/>\n<meta property=\"og:title\" content=\"V\u00eddeos -\" \/>\n<meta property=\"og:url\" content=\"https:\/\/ctmicheloliveira.com.br\/site\/videos\/\" \/>\n<meta property=\"article:publisher\" content=\"https:\/\/www.facebook.com\/ctmicheloliveira\/\" \/>\n<meta property=\"article:modified_time\" content=\"2017-05-18T05:12:42+00:00\" \/>\n<meta name=\"twitter:card\" content=\"summary_large_image\" \/>\n<script type=\"application\/ld+json\" class=\"yoast-schema-graph\">{\"@context\":\"https:\/\/schema.org\",\"@graph\":[{\"@type\":\"WebPage\",\"@id\":\"https:\/\/ctmicheloliveira.com.br\/site\/videos\/\",\"url\":\"https:\/\/ctmicheloliveira.com.br\/site\/videos\/\",\"name\":\"V\u00eddeos -\",\"isPartOf\":{\"@id\":\"https:\/\/ctmicheloliveira.com.br\/site\/#website\"},\"datePublished\":\"2017-03-31T17:26:36+00:00\",\"dateModified\":\"2017-05-18T05:12:42+00:00\",\"breadcrumb\":{\"@id\":\"https:\/\/ctmicheloliveira.com.br\/site\/videos\/#breadcrumb\"},\"inLanguage\":\"pt-PT\",\"potentialAction\":[{\"@type\":\"ReadAction\",\"target\":[\"https:\/\/ctmicheloliveira.com.br\/site\/videos\/\"]}]},{\"@type\":\"BreadcrumbList\",\"@id\":\"https:\/\/ctmicheloliveira.com.br\/site\/videos\/#breadcrumb\",\"itemListElement\":[{\"@type\":\"ListItem\",\"position\":1,\"name\":\"In\u00edcio\",\"item\":\"https:\/\/ctmicheloliveira.com.br\/site\/\"},{\"@type\":\"ListItem\",\"position\":2,\"name\":\"V\u00eddeos\"}]},{\"@type\":\"WebSite\",\"@id\":\"https:\/\/ctmicheloliveira.com.br\/site\/#website\",\"url\":\"https:\/\/ctmicheloliveira.com.br\/site\/\",\"name\":\"\",\"description\":\"\",\"publisher\":{\"@id\":\"https:\/\/ctmicheloliveira.com.br\/site\/#organization\"},\"potentialAction\":[{\"@type\":\"SearchAction\",\"target\":{\"@type\":\"EntryPoint\",\"urlTemplate\":\"https:\/\/ctmicheloliveira.com.br\/site\/?s={search_term_string}\"},\"query-input\":\"required name=search_term_string\"}],\"inLanguage\":\"pt-PT\"},{\"@type\":\"Organization\",\"@id\":\"https:\/\/ctmicheloliveira.com.br\/site\/#organization\",\"name\":\"Centro de Treinamento Michel Oliveira\",\"url\":\"https:\/\/ctmicheloliveira.com.br\/site\/\",\"logo\":{\"@type\":\"ImageObject\",\"inLanguage\":\"pt-PT\",\"@id\":\"https:\/\/ctmicheloliveira.com.br\/site\/#\/schema\/logo\/image\/\",\"url\":\"https:\/\/i1.wp.com\/ctmicheloliveira.com.br\/site\/wp-content\/uploads\/2017\/03\/caveira2.png?fit=359%2C392\",\"contentUrl\":\"https:\/\/i1.wp.com\/ctmicheloliveira.com.br\/site\/wp-content\/uploads\/2017\/03\/caveira2.png?fit=359%2C392\",\"width\":359,\"height\":392,\"caption\":\"Centro de Treinamento Michel Oliveira\"},\"image\":{\"@id\":\"https:\/\/ctmicheloliveira.com.br\/site\/#\/schema\/logo\/image\/\"},\"sameAs\":[\"https:\/\/www.instagram.com\/ctmicheloliveira\/\",\"https:\/\/www.youtube.com\/channel\/UCyzraqk4XF7T47ZiEa68iug\",\"https:\/\/www.facebook.com\/ctmicheloliveira\/\"]}]}<\/script>\n<!-- \/ Yoast SEO plugin. -->","yoast_head_json":{"title":"V\u00eddeos -","robots":{"index":"index","follow":"follow","max-snippet":"max-snippet:-1","max-image-preview":"max-image-preview:large","max-video-preview":"max-video-preview:-1"},"canonical":"https:\/\/ctmicheloliveira.com.br\/site\/videos\/","og_locale":"pt_PT","og_type":"article","og_title":"V\u00eddeos -","og_url":"https:\/\/ctmicheloliveira.com.br\/site\/videos\/","article_publisher":"https:\/\/www.facebook.com\/ctmicheloliveira\/","article_modified_time":"2017-05-18T05:12:42+00:00","twitter_card":"summary_large_image","schema":{"@context":"https:\/\/schema.org","@graph":[{"@type":"WebPage","@id":"https:\/\/ctmicheloliveira.com.br\/site\/videos\/","url":"https:\/\/ctmicheloliveira.com.br\/site\/videos\/","name":"V\u00eddeos -","isPartOf":{"@id":"https:\/\/ctmicheloliveira.com.br\/site\/#website"},"datePublished":"2017-03-31T17:26:36+00:00","dateModified":"2017-05-18T05:12:42+00:00","breadcrumb":{"@id":"https:\/\/ctmicheloliveira.com.br\/site\/videos\/#breadcrumb"},"inLanguage":"pt-PT","potentialAction":[{"@type":"ReadAction","target":["https:\/\/ctmicheloliveira.com.br\/site\/videos\/"]}]},{"@type":"BreadcrumbList","@id":"https:\/\/ctmicheloliveira.com.br\/site\/videos\/#breadcrumb","itemListElement":[{"@type":"ListItem","position":1,"name":"In\u00edcio","item":"https:\/\/ctmicheloliveira.com.br\/site\/"},{"@type":"ListItem","position":2,"name":"V\u00eddeos"}]},{"@type":"WebSite","@id":"https:\/\/ctmicheloliveira.com.br\/site\/#website","url":"https:\/\/ctmicheloliveira.com.br\/site\/","name":"","description":"","publisher":{"@id":"https:\/\/ctmicheloliveira.com.br\/site\/#organization"},"potentialAction":[{"@type":"SearchAction","target":{"@type":"EntryPoint","urlTemplate":"https:\/\/ctmicheloliveira.com.br\/site\/?s={search_term_string}"},"query-input":"required name=search_term_string"}],"inLanguage":"pt-PT"},{"@type":"Organization","@id":"https:\/\/ctmicheloliveira.com.br\/site\/#organization","name":"Centro de Treinamento Michel Oliveira","url":"https:\/\/ctmicheloliveira.com.br\/site\/","logo":{"@type":"ImageObject","inLanguage":"pt-PT","@id":"https:\/\/ctmicheloliveira.com.br\/site\/#\/schema\/logo\/image\/","url":"https:\/\/i1.wp.com\/ctmicheloliveira.com.br\/site\/wp-content\/uploads\/2017\/03\/caveira2.png?fit=359%2C392","contentUrl":"https:\/\/i1.wp.com\/ctmicheloliveira.com.br\/site\/wp-content\/uploads\/2017\/03\/caveira2.png?fit=359%2C392","width":359,"height":392,"caption":"Centro de Treinamento Michel Oliveira"},"image":{"@id":"https:\/\/ctmicheloliveira.com.br\/site\/#\/schema\/logo\/image\/"},"sameAs":["https:\/\/www.instagram.com\/ctmicheloliveira\/","https:\/\/www.youtube.com\/channel\/UCyzraqk4XF7T47ZiEa68iug","https:\/\/www.facebook.com\/ctmicheloliveira\/"]}]}},"jetpack_sharing_enabled":true,"jetpack_shortlink":"https:\/\/wp.me\/P8zFvy-K","jetpack-related-posts":[{"id":44,"url":"https:\/\/ctmicheloliveira.com.br\/site\/eventos\/","url_meta":{"origin":46,"position":0},"title":"Eventos","date":"Mar\u00e7o 31, 2017","format":false,"excerpt":"Acompanhe algumas fotos de nossa festa de inaugura\u00e7\u00e3o.","rel":"","context":"Similar post","img":{"alt_text":"","src":"","width":0,"height":0},"classes":[]},{"id":21,"url":"https:\/\/ctmicheloliveira.com.br\/site\/cadastro\/","url_meta":{"origin":46,"position":1},"title":"Cadastro","date":"Mar\u00e7o 31, 2017","format":false,"excerpt":"Fa\u00e7a j\u00e1 seu cadastro e fique por dentro das novidades!","rel":"","context":"Similar post","img":{"alt_text":"","src":"","width":0,"height":0},"classes":[]},{"id":17,"url":"https:\/\/ctmicheloliveira.com.br\/site\/parceiros\/","url_meta":{"origin":46,"position":2},"title":"Parceiros","date":"Mar\u00e7o 31, 2017","format":false,"excerpt":"Seja um parceiro e tenha sua marca divulgada em nossos m\u00eddias socias e eventos. \u00a0 Saiba Mais","rel":"","context":"Similar post","img":{"alt_text":"","src":"","width":0,"height":0},"classes":[]},{"id":52,"url":"https:\/\/ctmicheloliveira.com.br\/site\/trabalhe-conosco\/","url_meta":{"origin":46,"position":3},"title":"Trabalhe Conosco","date":"Mar\u00e7o 31, 2017","format":false,"excerpt":"Envie seu curriculo que assim que necess\u00e1rio faremos contato.","rel":"","context":"Similar post","img":{"alt_text":"","src":"","width":0,"height":0},"classes":[]},{"id":67,"url":"https:\/\/ctmicheloliveira.com.br\/site\/novo-parceiro\/","url_meta":{"origin":46,"position":4},"title":"Novo Parceiro","date":"Mar\u00e7o 31, 2017","format":false,"excerpt":"Para obter mais informa\u00e7\u00f5es, preencha os campos abaixo que em breve faremos contato.","rel":"","context":"Similar post","img":{"alt_text":"","src":"","width":0,"height":0},"classes":[]},{"id":81,"url":"https:\/\/ctmicheloliveira.com.br\/site\/fila-de-espera\/","url_meta":{"origin":46,"position":5},"title":"Fila de Espera","date":"Mar\u00e7o 31, 2017","format":false,"excerpt":"Fa\u00e7a sua reserva que assim que houverem vagas, entraremos em contato. \u00a0","rel":"","context":"Similar post","img":{"alt_text":"","src":"","width":0,"height":0},"classes":[]}],"_links":{"self":[{"href":"https:\/\/ctmicheloliveira.com.br\/site\/wp-json\/wp\/v2\/pages\/46"}],"collection":[{"href":"https:\/\/ctmicheloliveira.com.br\/site\/wp-json\/wp\/v2\/pages"}],"about":[{"href":"https:\/\/ctmicheloliveira.com.br\/site\/wp-json\/wp\/v2\/types\/page"}],"author":[{"embeddable":true,"href":"https:\/\/ctmicheloliveira.com.br\/site\/wp-json\/wp\/v2\/users\/1"}],"replies":[{"embeddable":true,"href":"https:\/\/ctmicheloliveira.com.br\/site\/wp-json\/wp\/v2\/comments?post=46"}],"version-history":[{"count":30,"href":"https:\/\/ctmicheloliveira.com.br\/site\/wp-json\/wp\/v2\/pages\/46\/revisions"}],"predecessor-version":[{"id":252,"href":"https:\/\/ctmicheloliveira.com.br\/site\/wp-json\/wp\/v2\/pages\/46\/revisions\/252"}],"wp:attachment":[{"href":"https:\/\/ctmicheloliveira.com.br\/site\/wp-json\/wp\/v2\/media?parent=46"}],"curies":[{"name":"wp","href":"https:\/\/api.w.org\/{rel}","templated":true}]}}