{"id":242,"date":"2017-05-17T04:15:27","date_gmt":"2017-05-17T04:15:27","guid":{"rendered":"http:\/\/ctmicheloliveira.com.br\/site\/?page_id=242"},"modified":"2017-05-24T02:22:38","modified_gmt":"2017-05-24T02:22:38","slug":"registro","status":"publish","type":"page","link":"https:\/\/ctmicheloliveira.com.br\/site\/registro\/","title":{"rendered":"Registro"},"content":{"rendered":"<p>Esta se\u00e7\u00e3o \u00e9 v\u00e1lida apenas para alunos do Centro de Treinamento Michel Oliveira com o intuito de poder visualizar seu conte\u00fado particular. Para prosseguir com o registro, por favor use o navegador Google Chrome.<\/p>\n<div id=\"wpmem_reg\"><a id=\"register\"><\/a><form name=\"form\" method=\"post\" action=\"https:\/\/ctmicheloliveira.com.br\/site\/registro\/\" id=\"wpmem_register_form\" class=\"form\"><input type=\"hidden\" id=\"_wpmem_register_nonce\" name=\"_wpmem_register_nonce\" value=\"6fa8682ccd\" \/><input type=\"hidden\" name=\"_wp_http_referer\" value=\"\/site\/wp-json\/wp\/v2\/pages\/242\" \/><fieldset><legend>New User Registration<\/legend><label for=\"username\" class=\"text\">Utilizador<span class=\"req\">*<\/span><\/label><div class=\"div_text\"><input name=\"username\" type=\"text\" id=\"username\" value=\"\" class=\"textbox\" required  \/><\/div><label for=\"phone1\" class=\"text\">Telefone<\/label><div class=\"div_text\"><input name=\"phone1\" type=\"text\" id=\"phone1\" value=\"\" class=\"textbox\" \/><\/div><label for=\"user_email\" class=\"text\">eMail<span class=\"req\">*<\/span><\/label><div class=\"div_text\"><input name=\"user_email\" type=\"email\" id=\"user_email\" value=\"\" class=\"textbox\" required  \/><\/div><label for=\"password\" class=\"text\">Password<span class=\"req\">*<\/span><\/label><div class=\"div_text\"><input name=\"password\" type=\"password\" id=\"password\" class=\"textbox\" required  \/><\/div><label class=\"text\" for=\"captcha\">Input the code:<\/label><div class=\"div_text\"><img src=\"https:\/\/i0.wp.com\/ctmicheloliveira.com.br\/site\/wp-content\/plugins\/really-simple-captcha\/tmp\/547463188.png?resize=72%2C30&#038;ssl=1\" alt=\"captcha\" width=\"72\" height=\"30\" data-recalc-dims=\"1\" \/><input id=\"captcha_prefix\" name=\"captcha_prefix\" type=\"hidden\" value=\"547463188\" \/><input id=\"captcha_code\" name=\"captcha_code\" size=\"4\" type=\"text\" class=\"textbox\" required \/><\/div><input name=\"a\" type=\"hidden\" value=\"register\" \/><input name=\"wpmem_reg_page\" type=\"hidden\" value=\"https:\/\/ctmicheloliveira.com.br\/site\/registro\/\" \/><div class=\"button_div\"><input name=\"submit\" type=\"submit\" value=\"Registar-se\" class=\"buttons\" \/><\/div><div class=\"req-text\"><span class=\"req\">*<\/span>Campo obrigat\u00f3rio<\/div><\/fieldset><\/form><\/div>\n","protected":false},"excerpt":{"rendered":"<p>Esta se\u00e7\u00e3o \u00e9 v\u00e1lida apenas para alunos do Centro de Treinamento Michel Oliveira com o intuito de poder visualizar seu conte\u00fado particular. Para prosseguir com o registro, por favor use o navegador Google Chrome.<\/p>\n","protected":false},"author":2,"featured_media":0,"parent":0,"menu_order":0,"comment_status":"closed","ping_status":"closed","template":"","meta":{"jetpack_post_was_ever_published":false},"yoast_head":"<!-- This site is optimized with the Yoast SEO plugin v19.11 - https:\/\/yoast.com\/wordpress\/plugins\/seo\/ -->\n<title>Registro -<\/title>\n<meta name=\"robots\" content=\"index, follow, max-snippet:-1, max-image-preview:large, max-video-preview:-1\" \/>\n<link rel=\"canonical\" href=\"https:\/\/ctmicheloliveira.com.br\/site\/registro\/\" \/>\n<meta property=\"og:locale\" content=\"pt_PT\" \/>\n<meta property=\"og:type\" content=\"article\" \/>\n<meta property=\"og:title\" content=\"Registro -\" \/>\n<meta property=\"og:description\" content=\"Esta se\u00e7\u00e3o \u00e9 v\u00e1lida apenas para alunos do Centro de Treinamento Michel Oliveira com o intuito de poder visualizar seu conte\u00fado particular. Para prosseguir com o registro, por favor use o navegador Google Chrome.\" \/>\n<meta property=\"og:url\" content=\"https:\/\/ctmicheloliveira.com.br\/site\/registro\/\" \/>\n<meta property=\"article:publisher\" content=\"https:\/\/www.facebook.com\/ctmicheloliveira\/\" \/>\n<meta property=\"article:modified_time\" content=\"2017-05-24T02:22:38+00:00\" \/>\n<meta name=\"twitter:card\" content=\"summary_large_image\" \/>\n<script type=\"application\/ld+json\" class=\"yoast-schema-graph\">{\"@context\":\"https:\/\/schema.org\",\"@graph\":[{\"@type\":\"WebPage\",\"@id\":\"https:\/\/ctmicheloliveira.com.br\/site\/registro\/\",\"url\":\"https:\/\/ctmicheloliveira.com.br\/site\/registro\/\",\"name\":\"Registro -\",\"isPartOf\":{\"@id\":\"https:\/\/ctmicheloliveira.com.br\/site\/#website\"},\"datePublished\":\"2017-05-17T04:15:27+00:00\",\"dateModified\":\"2017-05-24T02:22:38+00:00\",\"breadcrumb\":{\"@id\":\"https:\/\/ctmicheloliveira.com.br\/site\/registro\/#breadcrumb\"},\"inLanguage\":\"pt-PT\",\"potentialAction\":[{\"@type\":\"ReadAction\",\"target\":[\"https:\/\/ctmicheloliveira.com.br\/site\/registro\/\"]}]},{\"@type\":\"BreadcrumbList\",\"@id\":\"https:\/\/ctmicheloliveira.com.br\/site\/registro\/#breadcrumb\",\"itemListElement\":[{\"@type\":\"ListItem\",\"position\":1,\"name\":\"In\u00edcio\",\"item\":\"https:\/\/ctmicheloliveira.com.br\/site\/\"},{\"@type\":\"ListItem\",\"position\":2,\"name\":\"Registro\"}]},{\"@type\":\"WebSite\",\"@id\":\"https:\/\/ctmicheloliveira.com.br\/site\/#website\",\"url\":\"https:\/\/ctmicheloliveira.com.br\/site\/\",\"name\":\"\",\"description\":\"\",\"publisher\":{\"@id\":\"https:\/\/ctmicheloliveira.com.br\/site\/#organization\"},\"potentialAction\":[{\"@type\":\"SearchAction\",\"target\":{\"@type\":\"EntryPoint\",\"urlTemplate\":\"https:\/\/ctmicheloliveira.com.br\/site\/?s={search_term_string}\"},\"query-input\":\"required name=search_term_string\"}],\"inLanguage\":\"pt-PT\"},{\"@type\":\"Organization\",\"@id\":\"https:\/\/ctmicheloliveira.com.br\/site\/#organization\",\"name\":\"Centro de Treinamento Michel Oliveira\",\"url\":\"https:\/\/ctmicheloliveira.com.br\/site\/\",\"logo\":{\"@type\":\"ImageObject\",\"inLanguage\":\"pt-PT\",\"@id\":\"https:\/\/ctmicheloliveira.com.br\/site\/#\/schema\/logo\/image\/\",\"url\":\"https:\/\/i1.wp.com\/ctmicheloliveira.com.br\/site\/wp-content\/uploads\/2017\/03\/caveira2.png?fit=359%2C392\",\"contentUrl\":\"https:\/\/i1.wp.com\/ctmicheloliveira.com.br\/site\/wp-content\/uploads\/2017\/03\/caveira2.png?fit=359%2C392\",\"width\":359,\"height\":392,\"caption\":\"Centro de Treinamento Michel Oliveira\"},\"image\":{\"@id\":\"https:\/\/ctmicheloliveira.com.br\/site\/#\/schema\/logo\/image\/\"},\"sameAs\":[\"https:\/\/www.instagram.com\/ctmicheloliveira\/\",\"https:\/\/www.youtube.com\/channel\/UCyzraqk4XF7T47ZiEa68iug\",\"https:\/\/www.facebook.com\/ctmicheloliveira\/\"]}]}<\/script>\n<!-- \/ Yoast SEO plugin. -->","yoast_head_json":{"title":"Registro -","robots":{"index":"index","follow":"follow","max-snippet":"max-snippet:-1","max-image-preview":"max-image-preview:large","max-video-preview":"max-video-preview:-1"},"canonical":"https:\/\/ctmicheloliveira.com.br\/site\/registro\/","og_locale":"pt_PT","og_type":"article","og_title":"Registro -","og_description":"Esta se\u00e7\u00e3o \u00e9 v\u00e1lida apenas para alunos do Centro de Treinamento Michel Oliveira com o intuito de poder visualizar seu conte\u00fado particular. Para prosseguir com o registro, por favor use o navegador Google Chrome.","og_url":"https:\/\/ctmicheloliveira.com.br\/site\/registro\/","article_publisher":"https:\/\/www.facebook.com\/ctmicheloliveira\/","article_modified_time":"2017-05-24T02:22:38+00:00","twitter_card":"summary_large_image","schema":{"@context":"https:\/\/schema.org","@graph":[{"@type":"WebPage","@id":"https:\/\/ctmicheloliveira.com.br\/site\/registro\/","url":"https:\/\/ctmicheloliveira.com.br\/site\/registro\/","name":"Registro -","isPartOf":{"@id":"https:\/\/ctmicheloliveira.com.br\/site\/#website"},"datePublished":"2017-05-17T04:15:27+00:00","dateModified":"2017-05-24T02:22:38+00:00","breadcrumb":{"@id":"https:\/\/ctmicheloliveira.com.br\/site\/registro\/#breadcrumb"},"inLanguage":"pt-PT","potentialAction":[{"@type":"ReadAction","target":["https:\/\/ctmicheloliveira.com.br\/site\/registro\/"]}]},{"@type":"BreadcrumbList","@id":"https:\/\/ctmicheloliveira.com.br\/site\/registro\/#breadcrumb","itemListElement":[{"@type":"ListItem","position":1,"name":"In\u00edcio","item":"https:\/\/ctmicheloliveira.com.br\/site\/"},{"@type":"ListItem","position":2,"name":"Registro"}]},{"@type":"WebSite","@id":"https:\/\/ctmicheloliveira.com.br\/site\/#website","url":"https:\/\/ctmicheloliveira.com.br\/site\/","name":"","description":"","publisher":{"@id":"https:\/\/ctmicheloliveira.com.br\/site\/#organization"},"potentialAction":[{"@type":"SearchAction","target":{"@type":"EntryPoint","urlTemplate":"https:\/\/ctmicheloliveira.com.br\/site\/?s={search_term_string}"},"query-input":"required name=search_term_string"}],"inLanguage":"pt-PT"},{"@type":"Organization","@id":"https:\/\/ctmicheloliveira.com.br\/site\/#organization","name":"Centro de Treinamento Michel Oliveira","url":"https:\/\/ctmicheloliveira.com.br\/site\/","logo":{"@type":"ImageObject","inLanguage":"pt-PT","@id":"https:\/\/ctmicheloliveira.com.br\/site\/#\/schema\/logo\/image\/","url":"https:\/\/i1.wp.com\/ctmicheloliveira.com.br\/site\/wp-content\/uploads\/2017\/03\/caveira2.png?fit=359%2C392","contentUrl":"https:\/\/i1.wp.com\/ctmicheloliveira.com.br\/site\/wp-content\/uploads\/2017\/03\/caveira2.png?fit=359%2C392","width":359,"height":392,"caption":"Centro de Treinamento Michel Oliveira"},"image":{"@id":"https:\/\/ctmicheloliveira.com.br\/site\/#\/schema\/logo\/image\/"},"sameAs":["https:\/\/www.instagram.com\/ctmicheloliveira\/","https:\/\/www.youtube.com\/channel\/UCyzraqk4XF7T47ZiEa68iug","https:\/\/www.facebook.com\/ctmicheloliveira\/"]}]}},"jetpack_sharing_enabled":true,"jetpack_shortlink":"https:\/\/wp.me\/P8zFvy-3U","jetpack-related-posts":[],"_links":{"self":[{"href":"https:\/\/ctmicheloliveira.com.br\/site\/wp-json\/wp\/v2\/pages\/242"}],"collection":[{"href":"https:\/\/ctmicheloliveira.com.br\/site\/wp-json\/wp\/v2\/pages"}],"about":[{"href":"https:\/\/ctmicheloliveira.com.br\/site\/wp-json\/wp\/v2\/types\/page"}],"author":[{"embeddable":true,"href":"https:\/\/ctmicheloliveira.com.br\/site\/wp-json\/wp\/v2\/users\/2"}],"replies":[{"embeddable":true,"href":"https:\/\/ctmicheloliveira.com.br\/site\/wp-json\/wp\/v2\/comments?post=242"}],"version-history":[{"count":3,"href":"https:\/\/ctmicheloliveira.com.br\/site\/wp-json\/wp\/v2\/pages\/242\/revisions"}],"predecessor-version":[{"id":275,"href":"https:\/\/ctmicheloliveira.com.br\/site\/wp-json\/wp\/v2\/pages\/242\/revisions\/275"}],"wp:attachment":[{"href":"https:\/\/ctmicheloliveira.com.br\/site\/wp-json\/wp\/v2\/media?parent=242"}],"curies":[{"name":"wp","href":"https:\/\/api.w.org\/{rel}","templated":true}]}}