{"id":21,"date":"2017-03-31T15:50:15","date_gmt":"2017-03-31T15:50:15","guid":{"rendered":"http:\/\/ctmicheloliveira.com.br\/site\/?page_id=21"},"modified":"2017-03-31T17:50:45","modified_gmt":"2017-03-31T17:50:45","slug":"cadastro","status":"publish","type":"page","link":"https:\/\/ctmicheloliveira.com.br\/site\/cadastro\/","title":{"rendered":"Cadastro"},"content":{"rendered":"<p>Fa\u00e7a j\u00e1 seu cadastro e fique por dentro das novidades!<\/p>\n<div role=\"form\" class=\"wpcf7\" id=\"wpcf7-f4-o1\" lang=\"pt-PT\" dir=\"ltr\">\n<div class=\"screen-reader-response\"><p role=\"status\" aria-live=\"polite\" aria-atomic=\"true\"><\/p> <ul><\/ul><\/div>\n<form action=\"\/site\/wp-json\/wp\/v2\/pages\/21#wpcf7-f4-o1\" method=\"post\" class=\"wpcf7-form init\" novalidate=\"novalidate\" data-status=\"init\">\n<div style=\"display: none;\">\n<input type=\"hidden\" name=\"_wpcf7\" value=\"4\" \/>\n<input type=\"hidden\" name=\"_wpcf7_version\" value=\"5.6.4\" \/>\n<input type=\"hidden\" name=\"_wpcf7_locale\" value=\"pt_PT\" \/>\n<input type=\"hidden\" name=\"_wpcf7_unit_tag\" value=\"wpcf7-f4-o1\" \/>\n<input type=\"hidden\" name=\"_wpcf7_container_post\" value=\"0\" \/>\n<input type=\"hidden\" name=\"_wpcf7_posted_data_hash\" value=\"\" \/>\n<input type=\"hidden\" name=\"_wpcf7_recaptcha_response\" value=\"\" \/>\n<\/div>\n<p><label> O seu nome (obrigat\u00f3rio)<br \/>\n    <span class=\"wpcf7-form-control-wrap\" data-name=\"your-name\"><input type=\"text\" name=\"your-name\" value=\"\" size=\"40\" class=\"wpcf7-form-control wpcf7-text wpcf7-validates-as-required\" aria-required=\"true\" aria-invalid=\"false\" \/><\/span> <\/label><\/p>\n<p><label> O seu email (obrigat\u00f3rio)<br \/>\n    <span class=\"wpcf7-form-control-wrap\" data-name=\"your-email\"><input type=\"email\" name=\"your-email\" value=\"\" size=\"40\" class=\"wpcf7-form-control wpcf7-text wpcf7-email wpcf7-validates-as-required wpcf7-validates-as-email\" aria-required=\"true\" aria-invalid=\"false\" \/><\/span> <\/label><\/p>\n<p><label> Seu N\u00famero (obrigat\u00f3rio)<br \/>\n    <span class=\"wpcf7-form-control-wrap\" data-name=\"tel-537\"><input type=\"tel\" name=\"tel-537\" value=\"\" size=\"40\" class=\"wpcf7-form-control wpcf7-text wpcf7-tel wpcf7-validates-as-required wpcf7-validates-as-tel\" aria-required=\"true\" aria-invalid=\"false\" \/><\/span> <\/label><\/p>\n<p><label> Assunto<br \/>\n    <span class=\"wpcf7-form-control-wrap\" data-name=\"your-subject\"><input type=\"text\" name=\"your-subject\" value=\"\" size=\"40\" class=\"wpcf7-form-control wpcf7-text\" aria-invalid=\"false\" \/><\/span> <\/label><\/p>\n<p><label> A sua mensagem<br \/>\n    <span class=\"wpcf7-form-control-wrap\" data-name=\"your-message\"><textarea name=\"your-message\" cols=\"40\" rows=\"10\" class=\"wpcf7-form-control wpcf7-textarea\" aria-invalid=\"false\"><\/textarea><\/span> <\/label><\/p>\n\n<p><input type=\"submit\" value=\"Enviar\" class=\"wpcf7-form-control has-spinner wpcf7-submit\" \/><\/p>\n<p style=\"display: none !important;\"><label>&#916;<textarea name=\"_wpcf7_ak_hp_textarea\" cols=\"45\" rows=\"8\" maxlength=\"100\"><\/textarea><\/label><input type=\"hidden\" id=\"ak_js_1\" name=\"_wpcf7_ak_js\" value=\"113\"\/><script>document.getElementById( \"ak_js_1\" ).setAttribute( \"value\", ( new Date() ).getTime() );<\/script><\/p><div class=\"wpcf7-response-output\" aria-hidden=\"true\"><\/div><\/form><\/div>\n","protected":false},"excerpt":{"rendered":"<p>Fa\u00e7a j\u00e1 seu cadastro e fique por dentro das novidades!<\/p>\n","protected":false},"author":1,"featured_media":0,"parent":0,"menu_order":0,"comment_status":"closed","ping_status":"closed","template":"","meta":{"jetpack_post_was_ever_published":false},"yoast_head":"<!-- This site is optimized with the Yoast SEO plugin v19.11 - https:\/\/yoast.com\/wordpress\/plugins\/seo\/ -->\n<title>Cadastro -<\/title>\n<meta name=\"robots\" content=\"index, follow, max-snippet:-1, max-image-preview:large, max-video-preview:-1\" \/>\n<link rel=\"canonical\" href=\"https:\/\/ctmicheloliveira.com.br\/site\/cadastro\/\" \/>\n<meta property=\"og:locale\" content=\"pt_PT\" \/>\n<meta property=\"og:type\" content=\"article\" \/>\n<meta property=\"og:title\" content=\"Cadastro -\" \/>\n<meta property=\"og:description\" content=\"Fa\u00e7a j\u00e1 seu cadastro e fique por dentro das novidades!\" \/>\n<meta property=\"og:url\" content=\"https:\/\/ctmicheloliveira.com.br\/site\/cadastro\/\" \/>\n<meta property=\"article:publisher\" content=\"https:\/\/www.facebook.com\/ctmicheloliveira\/\" \/>\n<meta property=\"article:modified_time\" content=\"2017-03-31T17:50:45+00:00\" \/>\n<meta name=\"twitter:card\" content=\"summary_large_image\" \/>\n<script type=\"application\/ld+json\" class=\"yoast-schema-graph\">{\"@context\":\"https:\/\/schema.org\",\"@graph\":[{\"@type\":\"WebPage\",\"@id\":\"https:\/\/ctmicheloliveira.com.br\/site\/cadastro\/\",\"url\":\"https:\/\/ctmicheloliveira.com.br\/site\/cadastro\/\",\"name\":\"Cadastro -\",\"isPartOf\":{\"@id\":\"https:\/\/ctmicheloliveira.com.br\/site\/#website\"},\"datePublished\":\"2017-03-31T15:50:15+00:00\",\"dateModified\":\"2017-03-31T17:50:45+00:00\",\"breadcrumb\":{\"@id\":\"https:\/\/ctmicheloliveira.com.br\/site\/cadastro\/#breadcrumb\"},\"inLanguage\":\"pt-PT\",\"potentialAction\":[{\"@type\":\"ReadAction\",\"target\":[\"https:\/\/ctmicheloliveira.com.br\/site\/cadastro\/\"]}]},{\"@type\":\"BreadcrumbList\",\"@id\":\"https:\/\/ctmicheloliveira.com.br\/site\/cadastro\/#breadcrumb\",\"itemListElement\":[{\"@type\":\"ListItem\",\"position\":1,\"name\":\"In\u00edcio\",\"item\":\"https:\/\/ctmicheloliveira.com.br\/site\/\"},{\"@type\":\"ListItem\",\"position\":2,\"name\":\"Cadastro\"}]},{\"@type\":\"WebSite\",\"@id\":\"https:\/\/ctmicheloliveira.com.br\/site\/#website\",\"url\":\"https:\/\/ctmicheloliveira.com.br\/site\/\",\"name\":\"\",\"description\":\"\",\"publisher\":{\"@id\":\"https:\/\/ctmicheloliveira.com.br\/site\/#organization\"},\"potentialAction\":[{\"@type\":\"SearchAction\",\"target\":{\"@type\":\"EntryPoint\",\"urlTemplate\":\"https:\/\/ctmicheloliveira.com.br\/site\/?s={search_term_string}\"},\"query-input\":\"required name=search_term_string\"}],\"inLanguage\":\"pt-PT\"},{\"@type\":\"Organization\",\"@id\":\"https:\/\/ctmicheloliveira.com.br\/site\/#organization\",\"name\":\"Centro de Treinamento Michel Oliveira\",\"url\":\"https:\/\/ctmicheloliveira.com.br\/site\/\",\"logo\":{\"@type\":\"ImageObject\",\"inLanguage\":\"pt-PT\",\"@id\":\"https:\/\/ctmicheloliveira.com.br\/site\/#\/schema\/logo\/image\/\",\"url\":\"https:\/\/i1.wp.com\/ctmicheloliveira.com.br\/site\/wp-content\/uploads\/2017\/03\/caveira2.png?fit=359%2C392\",\"contentUrl\":\"https:\/\/i1.wp.com\/ctmicheloliveira.com.br\/site\/wp-content\/uploads\/2017\/03\/caveira2.png?fit=359%2C392\",\"width\":359,\"height\":392,\"caption\":\"Centro de Treinamento Michel Oliveira\"},\"image\":{\"@id\":\"https:\/\/ctmicheloliveira.com.br\/site\/#\/schema\/logo\/image\/\"},\"sameAs\":[\"https:\/\/www.instagram.com\/ctmicheloliveira\/\",\"https:\/\/www.youtube.com\/channel\/UCyzraqk4XF7T47ZiEa68iug\",\"https:\/\/www.facebook.com\/ctmicheloliveira\/\"]}]}<\/script>\n<!-- \/ Yoast SEO plugin. -->","yoast_head_json":{"title":"Cadastro -","robots":{"index":"index","follow":"follow","max-snippet":"max-snippet:-1","max-image-preview":"max-image-preview:large","max-video-preview":"max-video-preview:-1"},"canonical":"https:\/\/ctmicheloliveira.com.br\/site\/cadastro\/","og_locale":"pt_PT","og_type":"article","og_title":"Cadastro -","og_description":"Fa\u00e7a j\u00e1 seu cadastro e fique por dentro das novidades!","og_url":"https:\/\/ctmicheloliveira.com.br\/site\/cadastro\/","article_publisher":"https:\/\/www.facebook.com\/ctmicheloliveira\/","article_modified_time":"2017-03-31T17:50:45+00:00","twitter_card":"summary_large_image","schema":{"@context":"https:\/\/schema.org","@graph":[{"@type":"WebPage","@id":"https:\/\/ctmicheloliveira.com.br\/site\/cadastro\/","url":"https:\/\/ctmicheloliveira.com.br\/site\/cadastro\/","name":"Cadastro -","isPartOf":{"@id":"https:\/\/ctmicheloliveira.com.br\/site\/#website"},"datePublished":"2017-03-31T15:50:15+00:00","dateModified":"2017-03-31T17:50:45+00:00","breadcrumb":{"@id":"https:\/\/ctmicheloliveira.com.br\/site\/cadastro\/#breadcrumb"},"inLanguage":"pt-PT","potentialAction":[{"@type":"ReadAction","target":["https:\/\/ctmicheloliveira.com.br\/site\/cadastro\/"]}]},{"@type":"BreadcrumbList","@id":"https:\/\/ctmicheloliveira.com.br\/site\/cadastro\/#breadcrumb","itemListElement":[{"@type":"ListItem","position":1,"name":"In\u00edcio","item":"https:\/\/ctmicheloliveira.com.br\/site\/"},{"@type":"ListItem","position":2,"name":"Cadastro"}]},{"@type":"WebSite","@id":"https:\/\/ctmicheloliveira.com.br\/site\/#website","url":"https:\/\/ctmicheloliveira.com.br\/site\/","name":"","description":"","publisher":{"@id":"https:\/\/ctmicheloliveira.com.br\/site\/#organization"},"potentialAction":[{"@type":"SearchAction","target":{"@type":"EntryPoint","urlTemplate":"https:\/\/ctmicheloliveira.com.br\/site\/?s={search_term_string}"},"query-input":"required name=search_term_string"}],"inLanguage":"pt-PT"},{"@type":"Organization","@id":"https:\/\/ctmicheloliveira.com.br\/site\/#organization","name":"Centro de Treinamento Michel Oliveira","url":"https:\/\/ctmicheloliveira.com.br\/site\/","logo":{"@type":"ImageObject","inLanguage":"pt-PT","@id":"https:\/\/ctmicheloliveira.com.br\/site\/#\/schema\/logo\/image\/","url":"https:\/\/i1.wp.com\/ctmicheloliveira.com.br\/site\/wp-content\/uploads\/2017\/03\/caveira2.png?fit=359%2C392","contentUrl":"https:\/\/i1.wp.com\/ctmicheloliveira.com.br\/site\/wp-content\/uploads\/2017\/03\/caveira2.png?fit=359%2C392","width":359,"height":392,"caption":"Centro de Treinamento Michel Oliveira"},"image":{"@id":"https:\/\/ctmicheloliveira.com.br\/site\/#\/schema\/logo\/image\/"},"sameAs":["https:\/\/www.instagram.com\/ctmicheloliveira\/","https:\/\/www.youtube.com\/channel\/UCyzraqk4XF7T47ZiEa68iug","https:\/\/www.facebook.com\/ctmicheloliveira\/"]}]}},"jetpack_sharing_enabled":true,"jetpack_shortlink":"https:\/\/wp.me\/P8zFvy-l","jetpack-related-posts":[{"id":67,"url":"https:\/\/ctmicheloliveira.com.br\/site\/novo-parceiro\/","url_meta":{"origin":21,"position":0},"title":"Novo Parceiro","date":"Mar\u00e7o 31, 2017","format":false,"excerpt":"Para obter mais informa\u00e7\u00f5es, preencha os campos abaixo que em breve faremos contato.","rel":"","context":"Similar post","img":{"alt_text":"","src":"","width":0,"height":0},"classes":[]},{"id":460,"url":"https:\/\/ctmicheloliveira.com.br\/site\/inscricao-palestra\/","url_meta":{"origin":21,"position":1},"title":"Inscri\u00e7\u00e3o Palestra","date":"Fevereiro 14, 2018","format":false,"excerpt":"\u00a0 Preencha o formul\u00e1rio abaixo e garanta j\u00e1 sua vaga pois s\u00e3o LIMITADAS. \u00a0 \u00a0","rel":"","context":"Similar post","img":{"alt_text":"","src":"","width":0,"height":0},"classes":[]},{"id":81,"url":"https:\/\/ctmicheloliveira.com.br\/site\/fila-de-espera\/","url_meta":{"origin":21,"position":2},"title":"Fila de Espera","date":"Mar\u00e7o 31, 2017","format":false,"excerpt":"Fa\u00e7a sua reserva que assim que houverem vagas, entraremos em contato. \u00a0","rel":"","context":"Similar post","img":{"alt_text":"","src":"","width":0,"height":0},"classes":[]},{"id":1055,"url":"https:\/\/ctmicheloliveira.com.br\/site\/funcional-1945g\/","url_meta":{"origin":21,"position":3},"title":"Funcional 19:45 &#8211; G","date":"Mar\u00e7o 8, 2021","format":false,"excerpt":"Funcional 19:45 SEDENTARISMO NUNCA MAIS Descubra como mulheres que passaram dos 30 sa\u00edram do sedentarismo e alcan\u00e7aram o corpo, a disposi\u00e7\u00e3o e a sa\u00fade que merecem. EU QUERO PARTICIPAR Quem sou eu: Michel Oliveira Meu nome \u00e9 Michel Oliveira, fundador do Centro de Treinamento F\u00edsico Michel Oliveira, aqui em Manaus.H\u00e1\u2026","rel":"","context":"Similar post","img":{"alt_text":"","src":"https:\/\/i0.wp.com\/ctmicheloliveira.com.br\/site\/wp-content\/uploads\/2018\/10\/cropped-WhatsApp-Image-2018-10-12-at-13.11.29-1024x615.jpeg?resize=350%2C200","width":350,"height":200},"classes":[]},{"id":52,"url":"https:\/\/ctmicheloliveira.com.br\/site\/trabalhe-conosco\/","url_meta":{"origin":21,"position":4},"title":"Trabalhe Conosco","date":"Mar\u00e7o 31, 2017","format":false,"excerpt":"Envie seu curriculo que assim que necess\u00e1rio faremos contato.","rel":"","context":"Similar post","img":{"alt_text":"","src":"","width":0,"height":0},"classes":[]},{"id":1150,"url":"https:\/\/ctmicheloliveira.com.br\/site\/adeus-sedentarismo\/","url_meta":{"origin":21,"position":5},"title":"Diga Adeus ao Sedentarismo","date":"Mar\u00e7o 22, 2021","format":false,"excerpt":"100% GRATUITO E 100% ONLINE SEDENT\u00c1RIA NUNCA MAIS Como mulheres que passaram dos 30 est\u00e3o redescobrindo uma nova fase na vida, alcan\u00e7ando a sa\u00fade, a disposi\u00e7\u00e3o e o corpo que merecem. EU QUERO SAIR DO SEDENTARISMO! 100% GRATUITO E 100% ONLINE SEDENT\u00c1RIA NUNCA MAIS Como mulheres que passaram dos 30\u2026","rel":"","context":"Similar post","img":{"alt_text":"","src":"https:\/\/i0.wp.com\/ctmicheloliveira.com.br\/site\/wp-content\/uploads\/2018\/10\/cropped-WhatsApp-Image-2018-10-12-at-13.11.29-1024x615.jpeg?resize=350%2C200","width":350,"height":200},"classes":[]}],"_links":{"self":[{"href":"https:\/\/ctmicheloliveira.com.br\/site\/wp-json\/wp\/v2\/pages\/21"}],"collection":[{"href":"https:\/\/ctmicheloliveira.com.br\/site\/wp-json\/wp\/v2\/pages"}],"about":[{"href":"https:\/\/ctmicheloliveira.com.br\/site\/wp-json\/wp\/v2\/types\/page"}],"author":[{"embeddable":true,"href":"https:\/\/ctmicheloliveira.com.br\/site\/wp-json\/wp\/v2\/users\/1"}],"replies":[{"embeddable":true,"href":"https:\/\/ctmicheloliveira.com.br\/site\/wp-json\/wp\/v2\/comments?post=21"}],"version-history":[{"count":2,"href":"https:\/\/ctmicheloliveira.com.br\/site\/wp-json\/wp\/v2\/pages\/21\/revisions"}],"predecessor-version":[{"id":56,"href":"https:\/\/ctmicheloliveira.com.br\/site\/wp-json\/wp\/v2\/pages\/21\/revisions\/56"}],"wp:attachment":[{"href":"https:\/\/ctmicheloliveira.com.br\/site\/wp-json\/wp\/v2\/media?parent=21"}],"curies":[{"name":"wp","href":"https:\/\/api.w.org\/{rel}","templated":true}]}}