{"id":200,"date":"2017-04-11T04:41:56","date_gmt":"2017-04-11T04:41:56","guid":{"rendered":"http:\/\/ctmicheloliveira.com.br\/site\/?page_id=200"},"modified":"2020-08-30T19:59:19","modified_gmt":"2020-08-30T23:59:19","slug":"ficha-de-inscricao","status":"publish","type":"page","link":"https:\/\/ctmicheloliveira.com.br\/site\/ficha-de-inscricao\/","title":{"rendered":"Anamnese"},"content":{"rendered":"<p>Formul\u00e1rio apenas utilizado quando solicitado pela secretaria do Centro de Treinamento Michel Oliveira. Preencha os dados atenciosamente.<\/p>\n<div role=\"form\" class=\"wpcf7\" id=\"wpcf7-f203-o1\" lang=\"pt-PT\" dir=\"ltr\">\n<div class=\"screen-reader-response\"><p role=\"status\" aria-live=\"polite\" aria-atomic=\"true\"><\/p> <ul><\/ul><\/div>\n<form action=\"\/site\/wp-json\/wp\/v2\/pages\/200#wpcf7-f203-o1\" method=\"post\" class=\"wpcf7-form init\" novalidate=\"novalidate\" data-status=\"init\">\n<div style=\"display: none;\">\n<input type=\"hidden\" name=\"_wpcf7\" value=\"203\" \/>\n<input type=\"hidden\" name=\"_wpcf7_version\" value=\"5.6.4\" \/>\n<input type=\"hidden\" name=\"_wpcf7_locale\" value=\"pt_PT\" \/>\n<input type=\"hidden\" name=\"_wpcf7_unit_tag\" value=\"wpcf7-f203-o1\" \/>\n<input type=\"hidden\" name=\"_wpcf7_container_post\" value=\"0\" \/>\n<input type=\"hidden\" name=\"_wpcf7_posted_data_hash\" value=\"\" \/>\n<input type=\"hidden\" name=\"_wpcf7_recaptcha_response\" value=\"\" \/>\n<\/div>\n<p><label> O seu nome (obrigat\u00f3rio)<br \/>\n    <span class=\"wpcf7-form-control-wrap\" data-name=\"your-name\"><input type=\"text\" name=\"your-name\" value=\"\" size=\"40\" class=\"wpcf7-form-control wpcf7-text wpcf7-validates-as-required\" aria-required=\"true\" aria-invalid=\"false\" \/><\/span> <\/label><\/p>\n<p><label> Data de Nascimento (obrigat\u00f3rio)<br \/>\n    <span class=\"wpcf7-form-control-wrap\" data-name=\"date-10\"><input type=\"date\" name=\"date-10\" value=\"\" class=\"wpcf7-form-control wpcf7-date wpcf7-validates-as-required wpcf7-validates-as-date\" aria-required=\"true\" aria-invalid=\"false\" \/><\/span> <\/label><\/p>\n<p><label> Sexo (obrigat\u00f3rio)<br \/>\n    <span class=\"wpcf7-form-control-wrap\" data-name=\"radio-813\"><span class=\"wpcf7-form-control wpcf7-radio\"><span class=\"wpcf7-list-item first\"><input type=\"radio\" name=\"radio-813\" value=\"Masculino\" checked=\"checked\" \/><span class=\"wpcf7-list-item-label\">Masculino<\/span><\/span><span class=\"wpcf7-list-item last\"><input type=\"radio\" name=\"radio-813\" value=\"Feminino\" \/><span class=\"wpcf7-list-item-label\">Feminino<\/span><\/span><\/span><\/span> <\/label><\/p>\n<p><label> CPF (obrigat\u00f3rio)<br \/>\n    <span class=\"wpcf7-form-control-wrap\" data-name=\"number-864\"><input type=\"number\" name=\"number-864\" value=\"\" class=\"wpcf7-form-control wpcf7-number wpcf7-validates-as-required wpcf7-validates-as-number\" min=\"1\" max=\"99999999999\" aria-required=\"true\" aria-invalid=\"false\" \/><\/span> <\/label><\/p>\n<p><label> Endere\u00e7o (obrigat\u00f3rio)<br \/>\n    <span class=\"wpcf7-form-control-wrap\" data-name=\"text-790\"><input type=\"text\" name=\"text-790\" value=\"\" size=\"40\" class=\"wpcf7-form-control wpcf7-text wpcf7-validates-as-required\" aria-required=\"true\" aria-invalid=\"false\" \/><\/span> <\/label><\/p>\n<p><label> O seu email (obrigat\u00f3rio)<br \/>\n    <span class=\"wpcf7-form-control-wrap\" data-name=\"your-email\"><input type=\"email\" name=\"your-email\" value=\"\" size=\"40\" class=\"wpcf7-form-control wpcf7-text wpcf7-email wpcf7-validates-as-required wpcf7-validates-as-email\" aria-required=\"true\" aria-invalid=\"false\" \/><\/span> <\/label><\/p>\n<p><label> Telefone Residencial<br \/>\n    <span class=\"wpcf7-form-control-wrap\" data-name=\"tel-119\"><input type=\"tel\" name=\"tel-119\" value=\"\" size=\"40\" class=\"wpcf7-form-control wpcf7-text wpcf7-tel wpcf7-validates-as-tel\" aria-invalid=\"false\" \/><\/span> <\/label><\/p>\n<p><label> Telefone Celular (obrigat\u00f3rio)<br \/>\n    <span class=\"wpcf7-form-control-wrap\" data-name=\"tel-120\"><input type=\"tel\" name=\"tel-120\" value=\"\" size=\"40\" class=\"wpcf7-form-control wpcf7-text wpcf7-tel wpcf7-validates-as-required wpcf7-validates-as-tel\" aria-required=\"true\" aria-invalid=\"false\" \/><\/span> <\/label><\/p>\n<p><label> Contato de Emerg\u00eancia (Nome\/Telefone) (obrigat\u00f3rio)<br \/>\n    <span class=\"wpcf7-form-control-wrap\" data-name=\"text-791\"><input type=\"text\" name=\"text-791\" value=\"\" size=\"40\" class=\"wpcf7-form-control wpcf7-text wpcf7-validates-as-required\" aria-required=\"true\" aria-invalid=\"false\" \/><\/span> <\/label><\/p>\n<p><label> ANAMNESE <\/label><\/p>\n<p><label> Fumante? (obrigat\u00f3rio)<br \/>\n    <span class=\"wpcf7-form-control-wrap\" data-name=\"your-fumante\"><select name=\"your-fumante\" class=\"wpcf7-form-control wpcf7-select wpcf7-validates-as-required\" aria-required=\"true\" aria-invalid=\"false\"><option value=\"N\u00e3o\">N\u00e3o<\/option><option value=\"Sim\">Sim<\/option><\/select><\/span> <\/label><\/p>\n<p><label> Quantos Cigarros por dia ?<br \/>\n    <span class=\"wpcf7-form-control-wrap\" data-name=\"your-qtdcrigarros\"><select name=\"your-qtdcrigarros\" class=\"wpcf7-form-control wpcf7-select\" aria-invalid=\"false\"><option value=\"\">---<\/option><option value=\"1\">1<\/option><option value=\"2\">2<\/option><option value=\"3\">3<\/option><option value=\"4\">4<\/option><option value=\"5\">5<\/option><option value=\"6\">6<\/option><option value=\"7\">7<\/option><option value=\"8\">8<\/option><option value=\"9\">9<\/option><option value=\"10\">10<\/option><\/select><\/span> <\/label><\/p>\n<p><label> Parou a quanto tempo?<br \/>\n    <span class=\"wpcf7-form-control-wrap\" data-name=\"text-549\"><input type=\"text\" name=\"text-549\" value=\"\" size=\"40\" class=\"wpcf7-form-control wpcf7-text\" aria-invalid=\"false\" \/><\/span> <\/label><\/p>\n<p><label> Consome bebida alco\u00f3licas? (obrigat\u00f3rio)<br \/>\n    <span class=\"wpcf7-form-control-wrap\" data-name=\"your-bebida\"><select name=\"your-bebida\" class=\"wpcf7-form-control wpcf7-select wpcf7-validates-as-required\" aria-required=\"true\" aria-invalid=\"false\"><option value=\"N\u00e3o\">N\u00e3o<\/option><option value=\"Sim\">Sim<\/option><\/select><\/span> <\/label><\/p>\n<p><label> Quantas vezes por semana?<br \/>\n    <span class=\"wpcf7-form-control-wrap\" data-name=\"text-550\"><input type=\"text\" name=\"text-550\" value=\"\" size=\"40\" class=\"wpcf7-form-control wpcf7-text\" aria-invalid=\"false\" \/><\/span> <\/label><\/p>\n<p><label> Possui Colesterol, Triglic\u00e9rides ou Glicose alta? (obrigat\u00f3rio)<br \/>\n    <span class=\"wpcf7-form-control-wrap\" data-name=\"your-colesterol\"><select name=\"your-colesterol\" class=\"wpcf7-form-control wpcf7-select wpcf7-validates-as-required\" aria-required=\"true\" aria-invalid=\"false\"><option value=\"N\u00e3o\">N\u00e3o<\/option><option value=\"Sim\">Sim<\/option><\/select><\/span> <\/label><\/p>\n<p><label> Altera\u00e7\u00e3o Card\u00edaca? (obrigat\u00f3rio)<br \/>\n    <span class=\"wpcf7-form-control-wrap\" data-name=\"your-cardiaca\"><select name=\"your-cardiaca\" class=\"wpcf7-form-control wpcf7-select wpcf7-validates-as-required\" aria-required=\"true\" aria-invalid=\"false\"><option value=\"N\u00e3o\">N\u00e3o<\/option><option value=\"Sim\">Sim<\/option><\/select><\/span> <\/label><\/p>\n<p><label> Parente com Problemas card\u00edaco? (obrigat\u00f3rio)<br \/>\n    <span class=\"wpcf7-form-control-wrap\" data-name=\"your-parente\"><select name=\"your-parente\" class=\"wpcf7-form-control wpcf7-select wpcf7-validates-as-required\" aria-required=\"true\" aria-invalid=\"false\"><option value=\"N\u00e3o\">N\u00e3o<\/option><option value=\"Sim\">Sim<\/option><\/select><\/span> <\/label><\/p>\n<p><label> Hipertenso? (obrigat\u00f3rio)<br \/>\n    <span class=\"wpcf7-form-control-wrap\" data-name=\"your-hipertenso\"><select name=\"your-hipertenso\" class=\"wpcf7-form-control wpcf7-select wpcf7-validates-as-required\" aria-required=\"true\" aria-invalid=\"false\"><option value=\"N\u00e3o\">N\u00e3o<\/option><option value=\"Sim\">Sim<\/option><\/select><\/span> <\/label><\/p>\n<p><label> Diab\u00e9tico? (obrigat\u00f3rio)<br \/>\n    <span class=\"wpcf7-form-control-wrap\" data-name=\"your-diabetico\"><select name=\"your-diabetico\" class=\"wpcf7-form-control wpcf7-select wpcf7-validates-as-required\" aria-required=\"true\" aria-invalid=\"false\"><option value=\"N\u00e3o\">N\u00e3o<\/option><option value=\"Sim\">Sim<\/option><\/select><\/span> <\/label><\/p>\n<p><label> Toma Medicamento? (obrigat\u00f3rio)<br \/>\n    <span class=\"wpcf7-form-control-wrap\" data-name=\"your-medicamento\"><select name=\"your-medicamento\" class=\"wpcf7-form-control wpcf7-select wpcf7-validates-as-required\" aria-required=\"true\" aria-invalid=\"false\"><option value=\"N\u00e3o\">N\u00e3o<\/option><option value=\"Sim\">Sim<\/option><\/select><\/span> <\/label><\/p>\n<p><label> Qual medicamento?<br \/>\n    <span class=\"wpcf7-form-control-wrap\" data-name=\"text-551\"><input type=\"text\" name=\"text-551\" value=\"\" size=\"40\" class=\"wpcf7-form-control wpcf7-text\" aria-invalid=\"false\" \/><\/span> <\/label><\/p>\n<p><label> Fez alguma cirurgia nos \u00faltimos 12 meses? (obrigat\u00f3rio)<br \/>\n    <span class=\"wpcf7-form-control-wrap\" data-name=\"your-cirurgia\"><select name=\"your-cirurgia\" class=\"wpcf7-form-control wpcf7-select wpcf7-validates-as-required\" aria-required=\"true\" aria-invalid=\"false\"><option value=\"N\u00e3o\">N\u00e3o<\/option><option value=\"Sim\">Sim<\/option><\/select><\/span> <\/label><\/p>\n<p><label> Qual?<br \/>\n    <span class=\"wpcf7-form-control-wrap\" data-name=\"text-552\"><input type=\"text\" name=\"text-552\" value=\"\" size=\"40\" class=\"wpcf7-form-control wpcf7-text\" aria-invalid=\"false\" \/><\/span> <\/label><\/p>\n<p><label> Apresenta dores na coluna, articula\u00e7\u00f5es ou dores musculares? (obrigat\u00f3rio)<br \/>\n    <span class=\"wpcf7-form-control-wrap\" data-name=\"your-dores\"><select name=\"your-dores\" class=\"wpcf7-form-control wpcf7-select wpcf7-validates-as-required\" aria-required=\"true\" aria-invalid=\"false\"><option value=\"N\u00e3o\">N\u00e3o<\/option><option value=\"Sim\">Sim<\/option><\/select><\/span> <\/label><\/p>\n<p><label> Reconhe\u00e7o para o melhor da minha capacidade, que estou em bom estado de sa\u00fade e n\u00e3o tenho os problemas m\u00e9dicos conhecidos que restringiriam minha capacidade de participar deste programa de exerc\u00edcio.(Marca\u00e7\u00e3o Obrigat\u00f3ria)<br \/>\n    <span class=\"wpcf7-form-control-wrap\" data-name=\"acceptance-585\"><span class=\"wpcf7-form-control wpcf7-acceptance\"><span class=\"wpcf7-list-item\"><input type=\"checkbox\" name=\"acceptance-585\" value=\"1\" aria-invalid=\"false\" \/><\/span><\/span><\/span> <\/label><\/p>\n<p><input type=\"submit\" value=\"Enviar\" class=\"wpcf7-form-control has-spinner wpcf7-submit\" \/><\/p>\n\n<p style=\"display: none !important;\"><label>&#916;<textarea name=\"_wpcf7_ak_hp_textarea\" cols=\"45\" rows=\"8\" maxlength=\"100\"><\/textarea><\/label><input type=\"hidden\" id=\"ak_js_1\" name=\"_wpcf7_ak_js\" value=\"190\"\/><script>document.getElementById( \"ak_js_1\" ).setAttribute( \"value\", ( new Date() ).getTime() );<\/script><\/p><div class=\"wpcf7-response-output\" aria-hidden=\"true\"><\/div><\/form><\/div>\n","protected":false},"excerpt":{"rendered":"<p>Formul\u00e1rio apenas utilizado quando solicitado pela secretaria do Centro de Treinamento Michel Oliveira. Preencha os dados atenciosamente.<\/p>\n","protected":false},"author":1,"featured_media":0,"parent":0,"menu_order":0,"comment_status":"closed","ping_status":"closed","template":"","meta":{"jetpack_post_was_ever_published":false},"yoast_head":"<!-- This site is optimized with the Yoast SEO plugin v19.11 - https:\/\/yoast.com\/wordpress\/plugins\/seo\/ -->\n<title>Anamnese -<\/title>\n<meta name=\"robots\" content=\"index, follow, max-snippet:-1, max-image-preview:large, max-video-preview:-1\" \/>\n<link rel=\"canonical\" href=\"https:\/\/ctmicheloliveira.com.br\/site\/ficha-de-inscricao\/\" \/>\n<meta property=\"og:locale\" content=\"pt_PT\" \/>\n<meta property=\"og:type\" content=\"article\" \/>\n<meta property=\"og:title\" content=\"Anamnese -\" \/>\n<meta property=\"og:description\" content=\"Formul\u00e1rio apenas utilizado quando solicitado pela secretaria do Centro de Treinamento Michel Oliveira. Preencha os dados atenciosamente.\" \/>\n<meta property=\"og:url\" content=\"https:\/\/ctmicheloliveira.com.br\/site\/ficha-de-inscricao\/\" \/>\n<meta property=\"article:publisher\" content=\"https:\/\/www.facebook.com\/ctmicheloliveira\/\" \/>\n<meta property=\"article:modified_time\" content=\"2020-08-30T23:59:19+00:00\" \/>\n<meta name=\"twitter:card\" content=\"summary_large_image\" \/>\n<script type=\"application\/ld+json\" class=\"yoast-schema-graph\">{\"@context\":\"https:\/\/schema.org\",\"@graph\":[{\"@type\":\"WebPage\",\"@id\":\"https:\/\/ctmicheloliveira.com.br\/site\/ficha-de-inscricao\/\",\"url\":\"https:\/\/ctmicheloliveira.com.br\/site\/ficha-de-inscricao\/\",\"name\":\"Anamnese -\",\"isPartOf\":{\"@id\":\"https:\/\/ctmicheloliveira.com.br\/site\/#website\"},\"datePublished\":\"2017-04-11T04:41:56+00:00\",\"dateModified\":\"2020-08-30T23:59:19+00:00\",\"breadcrumb\":{\"@id\":\"https:\/\/ctmicheloliveira.com.br\/site\/ficha-de-inscricao\/#breadcrumb\"},\"inLanguage\":\"pt-PT\",\"potentialAction\":[{\"@type\":\"ReadAction\",\"target\":[\"https:\/\/ctmicheloliveira.com.br\/site\/ficha-de-inscricao\/\"]}]},{\"@type\":\"BreadcrumbList\",\"@id\":\"https:\/\/ctmicheloliveira.com.br\/site\/ficha-de-inscricao\/#breadcrumb\",\"itemListElement\":[{\"@type\":\"ListItem\",\"position\":1,\"name\":\"In\u00edcio\",\"item\":\"https:\/\/ctmicheloliveira.com.br\/site\/\"},{\"@type\":\"ListItem\",\"position\":2,\"name\":\"Anamnese\"}]},{\"@type\":\"WebSite\",\"@id\":\"https:\/\/ctmicheloliveira.com.br\/site\/#website\",\"url\":\"https:\/\/ctmicheloliveira.com.br\/site\/\",\"name\":\"\",\"description\":\"\",\"publisher\":{\"@id\":\"https:\/\/ctmicheloliveira.com.br\/site\/#organization\"},\"potentialAction\":[{\"@type\":\"SearchAction\",\"target\":{\"@type\":\"EntryPoint\",\"urlTemplate\":\"https:\/\/ctmicheloliveira.com.br\/site\/?s={search_term_string}\"},\"query-input\":\"required name=search_term_string\"}],\"inLanguage\":\"pt-PT\"},{\"@type\":\"Organization\",\"@id\":\"https:\/\/ctmicheloliveira.com.br\/site\/#organization\",\"name\":\"Centro de Treinamento Michel Oliveira\",\"url\":\"https:\/\/ctmicheloliveira.com.br\/site\/\",\"logo\":{\"@type\":\"ImageObject\",\"inLanguage\":\"pt-PT\",\"@id\":\"https:\/\/ctmicheloliveira.com.br\/site\/#\/schema\/logo\/image\/\",\"url\":\"https:\/\/i1.wp.com\/ctmicheloliveira.com.br\/site\/wp-content\/uploads\/2017\/03\/caveira2.png?fit=359%2C392\",\"contentUrl\":\"https:\/\/i1.wp.com\/ctmicheloliveira.com.br\/site\/wp-content\/uploads\/2017\/03\/caveira2.png?fit=359%2C392\",\"width\":359,\"height\":392,\"caption\":\"Centro de Treinamento Michel Oliveira\"},\"image\":{\"@id\":\"https:\/\/ctmicheloliveira.com.br\/site\/#\/schema\/logo\/image\/\"},\"sameAs\":[\"https:\/\/www.instagram.com\/ctmicheloliveira\/\",\"https:\/\/www.youtube.com\/channel\/UCyzraqk4XF7T47ZiEa68iug\",\"https:\/\/www.facebook.com\/ctmicheloliveira\/\"]}]}<\/script>\n<!-- \/ Yoast SEO plugin. -->","yoast_head_json":{"title":"Anamnese -","robots":{"index":"index","follow":"follow","max-snippet":"max-snippet:-1","max-image-preview":"max-image-preview:large","max-video-preview":"max-video-preview:-1"},"canonical":"https:\/\/ctmicheloliveira.com.br\/site\/ficha-de-inscricao\/","og_locale":"pt_PT","og_type":"article","og_title":"Anamnese -","og_description":"Formul\u00e1rio apenas utilizado quando solicitado pela secretaria do Centro de Treinamento Michel Oliveira. Preencha os dados atenciosamente.","og_url":"https:\/\/ctmicheloliveira.com.br\/site\/ficha-de-inscricao\/","article_publisher":"https:\/\/www.facebook.com\/ctmicheloliveira\/","article_modified_time":"2020-08-30T23:59:19+00:00","twitter_card":"summary_large_image","schema":{"@context":"https:\/\/schema.org","@graph":[{"@type":"WebPage","@id":"https:\/\/ctmicheloliveira.com.br\/site\/ficha-de-inscricao\/","url":"https:\/\/ctmicheloliveira.com.br\/site\/ficha-de-inscricao\/","name":"Anamnese -","isPartOf":{"@id":"https:\/\/ctmicheloliveira.com.br\/site\/#website"},"datePublished":"2017-04-11T04:41:56+00:00","dateModified":"2020-08-30T23:59:19+00:00","breadcrumb":{"@id":"https:\/\/ctmicheloliveira.com.br\/site\/ficha-de-inscricao\/#breadcrumb"},"inLanguage":"pt-PT","potentialAction":[{"@type":"ReadAction","target":["https:\/\/ctmicheloliveira.com.br\/site\/ficha-de-inscricao\/"]}]},{"@type":"BreadcrumbList","@id":"https:\/\/ctmicheloliveira.com.br\/site\/ficha-de-inscricao\/#breadcrumb","itemListElement":[{"@type":"ListItem","position":1,"name":"In\u00edcio","item":"https:\/\/ctmicheloliveira.com.br\/site\/"},{"@type":"ListItem","position":2,"name":"Anamnese"}]},{"@type":"WebSite","@id":"https:\/\/ctmicheloliveira.com.br\/site\/#website","url":"https:\/\/ctmicheloliveira.com.br\/site\/","name":"","description":"","publisher":{"@id":"https:\/\/ctmicheloliveira.com.br\/site\/#organization"},"potentialAction":[{"@type":"SearchAction","target":{"@type":"EntryPoint","urlTemplate":"https:\/\/ctmicheloliveira.com.br\/site\/?s={search_term_string}"},"query-input":"required name=search_term_string"}],"inLanguage":"pt-PT"},{"@type":"Organization","@id":"https:\/\/ctmicheloliveira.com.br\/site\/#organization","name":"Centro de Treinamento Michel Oliveira","url":"https:\/\/ctmicheloliveira.com.br\/site\/","logo":{"@type":"ImageObject","inLanguage":"pt-PT","@id":"https:\/\/ctmicheloliveira.com.br\/site\/#\/schema\/logo\/image\/","url":"https:\/\/i1.wp.com\/ctmicheloliveira.com.br\/site\/wp-content\/uploads\/2017\/03\/caveira2.png?fit=359%2C392","contentUrl":"https:\/\/i1.wp.com\/ctmicheloliveira.com.br\/site\/wp-content\/uploads\/2017\/03\/caveira2.png?fit=359%2C392","width":359,"height":392,"caption":"Centro de Treinamento Michel Oliveira"},"image":{"@id":"https:\/\/ctmicheloliveira.com.br\/site\/#\/schema\/logo\/image\/"},"sameAs":["https:\/\/www.instagram.com\/ctmicheloliveira\/","https:\/\/www.youtube.com\/channel\/UCyzraqk4XF7T47ZiEa68iug","https:\/\/www.facebook.com\/ctmicheloliveira\/"]}]}},"jetpack_sharing_enabled":true,"jetpack_shortlink":"https:\/\/wp.me\/P8zFvy-3e","jetpack-related-posts":[],"_links":{"self":[{"href":"https:\/\/ctmicheloliveira.com.br\/site\/wp-json\/wp\/v2\/pages\/200"}],"collection":[{"href":"https:\/\/ctmicheloliveira.com.br\/site\/wp-json\/wp\/v2\/pages"}],"about":[{"href":"https:\/\/ctmicheloliveira.com.br\/site\/wp-json\/wp\/v2\/types\/page"}],"author":[{"embeddable":true,"href":"https:\/\/ctmicheloliveira.com.br\/site\/wp-json\/wp\/v2\/users\/1"}],"replies":[{"embeddable":true,"href":"https:\/\/ctmicheloliveira.com.br\/site\/wp-json\/wp\/v2\/comments?post=200"}],"version-history":[{"count":5,"href":"https:\/\/ctmicheloliveira.com.br\/site\/wp-json\/wp\/v2\/pages\/200\/revisions"}],"predecessor-version":[{"id":999,"href":"https:\/\/ctmicheloliveira.com.br\/site\/wp-json\/wp\/v2\/pages\/200\/revisions\/999"}],"wp:attachment":[{"href":"https:\/\/ctmicheloliveira.com.br\/site\/wp-json\/wp\/v2\/media?parent=200"}],"curies":[{"name":"wp","href":"https:\/\/api.w.org\/{rel}","templated":true}]}}